{"id":1791,"date":"2017-11-16T11:24:57","date_gmt":"2017-11-16T10:24:57","guid":{"rendered":"http:\/\/tinarebou.com\/?page_id=1791"},"modified":"2022-04-29T19:44:53","modified_gmt":"2022-04-29T17:44:53","slug":"design","status":"publish","type":"page","link":"https:\/\/tinarebou.com\/index.php\/design\/","title":{"rendered":"Design"},"content":{"rendered":"\t\t<div id=\"serious-slider-118-rnd8838\" class=\"cryout-serious-slider seriousslider serious-slider-118-rnd8838 cryout-serious-slider-118 seriousslider-overlay1 seriousslider-light seriousslider-shadow-none seriousslider-responsive-maintain seriousslider-hidetitles-0 seriousslider-slide seriousslider-sizing0 seriousslider-aligncenter seriousslider-caption-animation-slide seriousslider-textstyle-textshadow\" data-ride=\"seriousslider\">\n\t\t\t<div class=\"seriousslider-inner\" role=\"listbox\">\n\n\t\t\t\n\t\t\t<div class=\"item slide-1 active\" role=\"option\">\n\t\t\t\t\t\t\t\t<a  >\n\t\t\t\t\t<img decoding=\"async\" class=\"item-image\" src=\"https:\/\/tinarebou.com\/wp-content\/uploads\/2017\/11\/slide_apprendre5mn-pge-design.jpg\" alt=\"\" >\n\t\t\t\t<\/a>\n\t\t\t\t\t\t\t\t\t\t\t\t<div class=\"seriousslider-caption\">\n\t\t\t\t\t<div class=\"seriousslider-caption-inside\">\n\t\t\t\t\t\t\t\t\t\t\t\t<div class=\"seriousslider-caption-text\"><h4><span style=\"color: #ffffff;\"><em>Apprendre5minutes<\/em><\/span><\/h4>\n<h5>Identit\u00e9 Visuelle\u00a0 &#8211; Pictogrammes &#8211;<br \/>\nCartes &#8211; Support de Communication<br \/>\n<a href=\"http:\/\/tinarebou.com\/index.php\/apprendre5minutes\/apprendre5minutes-2\/\" target=\"_blank\" rel=\"noopener noreferrer\">GALERIE<\/a><\/h5>\n<\/div>\t\t\t\t\t\t<div class=\"seriousslider-caption-buttons\">\n\t\t\t\t\t\t\t\t\t\t\t\t\t\t\t\t\t\t\t\t\t\t\t\t\t\t\t\t\t\t\t\t\t\t\t\t\t\t\t\t\t\t\t<\/div>\n\t\t\t\t\t<\/div><!--seriousslider-caption-inside-->\n\t\t\t\t<\/div><!--seriousslider-caption-->\n\t\t\t\t\t\t\t\t<div class=\"seriousslider-hloader\"><\/div>\n\t\t\t\t<figure class=\"seriousslider-cloader\">\n\t\t\t\t\t<svg width=\"200\" height=\"200\">\n\t\t\t\t\t\t<circle cx=\"95\" cy=\"95\" r=\"20\" transform=\"rotate(-90, 95, 95)\"\/>\n\t\t\t\t\t<\/svg>\n\t\t\t  <\/figure>\n\t\t\t<\/div>\n\n\t\t\t\n\t\t\t<div class=\"item slide-2 \" role=\"option\">\n\t\t\t\t\t\t\t\t<a  >\n\t\t\t\t\t<img decoding=\"async\" class=\"item-image\" src=\"https:\/\/tinarebou.com\/wp-content\/uploads\/2017\/04\/slide-very-bad-clopes-tr-1.jpg\" alt=\"\" >\n\t\t\t\t<\/a>\n\t\t\t\t\t\t\t\t\t\t\t\t<div class=\"seriousslider-caption\">\n\t\t\t\t\t<div class=\"seriousslider-caption-inside\">\n\t\t\t\t\t\t\t\t\t\t\t\t<div class=\"seriousslider-caption-text\"><h5><em>Very Bad Clopes<\/em><\/h5>\n<h5>Logo &#8211; Teaser &#8211; Affiche &#8211; Flyer<br \/>\n<a href=\"http:\/\/tinarebou.com\/index.php\/galerie-portraits\/portfolio\/\" target=\"_blank\" rel=\"noopener noreferrer\">GALERIE<\/a><\/h5>\n<\/div>\t\t\t\t\t\t<div class=\"seriousslider-caption-buttons\">\n\t\t\t\t\t\t\t\t\t\t\t\t\t\t\t\t\t\t\t\t\t\t\t\t\t\t\t\t\t\t\t\t\t\t\t\t\t\t\t\t\t\t\t<\/div>\n\t\t\t\t\t<\/div><!--seriousslider-caption-inside-->\n\t\t\t\t<\/div><!--seriousslider-caption-->\n\t\t\t\t\t\t\t\t<div class=\"seriousslider-hloader\"><\/div>\n\t\t\t\t<figure class=\"seriousslider-cloader\">\n\t\t\t\t\t<svg width=\"200\" height=\"200\">\n\t\t\t\t\t\t<circle cx=\"95\" cy=\"95\" r=\"20\" transform=\"rotate(-90, 95, 95)\"\/>\n\t\t\t\t\t<\/svg>\n\t\t\t  <\/figure>\n\t\t\t<\/div>\n\n\t\t\t\n\t\t\t<div class=\"item slide-3 \" role=\"option\">\n\t\t\t\t\t\t\t\t<a  >\n\t\t\t\t\t<img decoding=\"async\" class=\"item-image\" src=\"https:\/\/tinarebou.com\/wp-content\/uploads\/2017\/11\/slide_comite-fete-sevignacq-pge_design-3.jpg\" alt=\"\" >\n\t\t\t\t<\/a>\n\t\t\t\t\t\t\t\t\t\t\t\t<div class=\"seriousslider-caption\">\n\t\t\t\t\t<div class=\"seriousslider-caption-inside\">\n\t\t\t\t\t\t\t\t\t\t\t\t<div class=\"seriousslider-caption-text\"><h5><em>Comit\u00e9 des F\u00eates de S\u00e9vignacq<br \/>\n<\/em><\/h5>\n<h5>Affiches &#8211; Flyers &#8211; Pictogrammes<br \/>\n<a href=\"http:\/\/tinarebou.com\/index.php\/comite-des-fetes-de-sevignacq\/\" target=\"_blank\" rel=\"noopener noreferrer\">GALERIE<\/a><\/h5>\n<\/div>\t\t\t\t\t\t<div class=\"seriousslider-caption-buttons\">\n\t\t\t\t\t\t\t\t\t\t\t\t\t\t\t\t\t\t\t\t\t\t\t\t\t\t\t\t\t\t\t\t\t\t\t\t\t\t\t\t\t\t\t<\/div>\n\t\t\t\t\t<\/div><!--seriousslider-caption-inside-->\n\t\t\t\t<\/div><!--seriousslider-caption-->\n\t\t\t\t\t\t\t\t<div class=\"seriousslider-hloader\"><\/div>\n\t\t\t\t<figure class=\"seriousslider-cloader\">\n\t\t\t\t\t<svg width=\"200\" height=\"200\">\n\t\t\t\t\t\t<circle cx=\"95\" cy=\"95\" r=\"20\" transform=\"rotate(-90, 95, 95)\"\/>\n\t\t\t\t\t<\/svg>\n\t\t\t  <\/figure>\n\t\t\t<\/div>\n\n\t\t\t\n\t\t\t<div class=\"item slide-4 \" role=\"option\">\n\t\t\t\t\t\t\t\t<a  >\n\t\t\t\t\t<img decoding=\"async\" class=\"item-image\" src=\"https:\/\/tinarebou.com\/wp-content\/uploads\/2017\/11\/slide_danse-societe.jpg\" alt=\"\" >\n\t\t\t\t<\/a>\n\t\t\t\t\t\t\t\t\t\t\t\t<div class=\"seriousslider-caption\">\n\t\t\t\t\t<div class=\"seriousslider-caption-inside\">\n\t\t\t\t\t\t\t\t\t\t\t\t<div class=\"seriousslider-caption-text\"><h4><span style=\"color: #ffffff;\"><em>Site Dansesociete<\/em><\/span><\/h4>\n<h5><strong>Identit\u00e9 Visuelle &#8211; Slides pour site &#8211; Pictogrammes<br \/>\n<\/strong><a href=\"http:\/\/tinarebou.com\/index.php\/apprendre5minutes\/danse-de-societe\/\" target=\"_blank\" rel=\"noopener noreferrer\">GALERIE<\/a><\/h5>\n<\/div>\t\t\t\t\t\t<div class=\"seriousslider-caption-buttons\">\n\t\t\t\t\t\t\t\t\t\t\t\t\t\t\t\t\t\t\t\t\t\t\t\t\t\t\t\t\t\t\t\t\t\t\t\t\t\t\t\t\t\t\t<\/div>\n\t\t\t\t\t<\/div><!--seriousslider-caption-inside-->\n\t\t\t\t<\/div><!--seriousslider-caption-->\n\t\t\t\t\t\t\t\t<div class=\"seriousslider-hloader\"><\/div>\n\t\t\t\t<figure class=\"seriousslider-cloader\">\n\t\t\t\t\t<svg width=\"200\" height=\"200\">\n\t\t\t\t\t\t<circle cx=\"95\" cy=\"95\" r=\"20\" transform=\"rotate(-90, 95, 95)\"\/>\n\t\t\t\t\t<\/svg>\n\t\t\t  <\/figure>\n\t\t\t<\/div>\n\n\t\t\t\n\t\t\t<div class=\"item slide-5 \" role=\"option\">\n\t\t\t\t\t\t\t\t<a  >\n\t\t\t\t\t<img decoding=\"async\" class=\"item-image\" src=\"https:\/\/tinarebou.com\/wp-content\/uploads\/2017\/11\/slide_svce_culturel_pge_design-3.jpg\" alt=\"\" >\n\t\t\t\t<\/a>\n\t\t\t\t\t\t\t\t\t\t\t\t<div class=\"seriousslider-caption\">\n\t\t\t\t\t<div class=\"seriousslider-caption-inside\">\n\t\t\t\t\t\t\t\t\t\t\t\t<div class=\"seriousslider-caption-text\"><h4><span style=\"color: #ffffff;\"><em>Service Culturel<\/em><\/span><\/h4>\n<h5><strong>Festival Elektro Hippo<\/strong><br \/>\n<strong> Affiche &#8211; Flyer &#8211; Pictogrammes<br \/>\n<\/strong><a href=\"http:\/\/tinarebou.com\/index.php\/apprendre5minutes\/elektro-hippo-service-culturel-associations\/\" target=\"_blank\" rel=\"noopener noreferrer\">GALERIE<\/a><\/h5>\n<\/div>\t\t\t\t\t\t<div class=\"seriousslider-caption-buttons\">\n\t\t\t\t\t\t\t\t\t\t\t\t\t\t\t\t\t\t\t\t\t\t\t\t\t\t\t\t\t\t\t\t\t\t\t\t\t\t\t\t\t\t\t<\/div>\n\t\t\t\t\t<\/div><!--seriousslider-caption-inside-->\n\t\t\t\t<\/div><!--seriousslider-caption-->\n\t\t\t\t\t\t\t\t<div class=\"seriousslider-hloader\"><\/div>\n\t\t\t\t<figure class=\"seriousslider-cloader\">\n\t\t\t\t\t<svg width=\"200\" height=\"200\">\n\t\t\t\t\t\t<circle cx=\"95\" cy=\"95\" r=\"20\" transform=\"rotate(-90, 95, 95)\"\/>\n\t\t\t\t\t<\/svg>\n\t\t\t  <\/figure>\n\t\t\t<\/div>\n\n\t\t\t\n\t\t\t<div class=\"item slide-6 \" role=\"option\">\n\t\t\t\t\t\t\t\t<a  >\n\t\t\t\t\t<img decoding=\"async\" class=\"item-image\" src=\"https:\/\/tinarebou.com\/wp-content\/uploads\/2017\/11\/slide_bibliotheque-pictospage-2.jpg\" alt=\"\" >\n\t\t\t\t<\/a>\n\t\t\t\t\t\t\t\t\t\t\t\t<div class=\"seriousslider-caption\">\n\t\t\t\t\t<div class=\"seriousslider-caption-inside\">\n\t\t\t\t\t\t\t\t\t\t\t\t<div class=\"seriousslider-caption-text\"><h4><span style=\"color: #ffffff;\"><em>Biblioth\u00e8que de Pictogrammes<\/em><\/span><\/h4>\n<h5>Nouveaux &amp; Revisit\u00e9s<br \/>\n<a href=\"http:\/\/tinarebou.com\/index.php\/apprendre5minutes\/creation-de-nouveaux-pictogrammes\/\" target=\"_blank\" rel=\"noopener noreferrer\">GALERIE<\/a><\/h5>\n<\/div>\t\t\t\t\t\t<div class=\"seriousslider-caption-buttons\">\n\t\t\t\t\t\t\t\t\t\t\t\t\t\t\t\t\t\t\t\t\t\t\t\t\t\t\t\t\t\t\t\t\t\t\t\t\t\t\t\t\t\t\t<\/div>\n\t\t\t\t\t<\/div><!--seriousslider-caption-inside-->\n\t\t\t\t<\/div><!--seriousslider-caption-->\n\t\t\t\t\t\t\t\t<div class=\"seriousslider-hloader\"><\/div>\n\t\t\t\t<figure class=\"seriousslider-cloader\">\n\t\t\t\t\t<svg width=\"200\" height=\"200\">\n\t\t\t\t\t\t<circle cx=\"95\" cy=\"95\" r=\"20\" transform=\"rotate(-90, 95, 95)\"\/>\n\t\t\t\t\t<\/svg>\n\t\t\t  <\/figure>\n\t\t\t<\/div>\n\n\t\t\t\t\t\t<\/div>\n\n\t\t\t<div class=\"seriousslider-indicators\">\n\t\t\t\t<ol class=\"seriousslider-indicators-inside\">\n\t\t\t\t\t\t\t\t\t\t<li data-target=\"#serious-slider-118-rnd8838\" data-slide-to=\"0\" class=\"active\"><\/li>\n\t\t\t\t\t\t\t\t\t\t<li data-target=\"#serious-slider-118-rnd8838\" data-slide-to=\"1\" ><\/li>\n\t\t\t\t\t\t\t\t\t\t<li data-target=\"#serious-slider-118-rnd8838\" data-slide-to=\"2\" ><\/li>\n\t\t\t\t\t\t\t\t\t\t<li data-target=\"#serious-slider-118-rnd8838\" data-slide-to=\"3\" ><\/li>\n\t\t\t\t\t\t\t\t\t\t<li data-target=\"#serious-slider-118-rnd8838\" data-slide-to=\"4\" ><\/li>\n\t\t\t\t\t\t\t\t\t\t<li data-target=\"#serious-slider-118-rnd8838\" data-slide-to=\"5\" ><\/li>\n\t\t\t\t\t\t\t\t\t<\/ol>\n\t\t\t<\/div>\n\n\t\t\t<button class=\"left seriousslider-control\" data-target=\"#serious-slider-118-rnd8838\" role=\"button\" data-slide=\"prev\">\n\t\t\t  <span class=\"sicon-prev control-arrow\" aria-hidden=\"true\"><\/span>\n\t\t\t  <span class=\"sr-only\">Previous Slide<\/span>\n\t\t\t<\/button>\n\t\t\t<button class=\"right seriousslider-control\" data-target=\"#serious-slider-118-rnd8838\" role=\"button\" data-slide=\"next\">\n\t\t\t  <span class=\"sicon-next control-arrow\" aria-hidden=\"true\"><\/span>\n\t\t\t  <span class=\"sr-only\">Next Slide<\/span>\n\t\t\t<\/button>\n\t\t<\/div>\n\t\t\n<h4>2022 | <a href=\"https:\/\/tinarebou.com\/index.php\/sanb-salon-dartistes-du-nord-bearn\/\">SANB : Salon d&rsquo;Artistes du Nord B\u00e9arn <\/a><\/h4>\n<ul>\n<li>Affiche pour le 17\u00e8me Salon d&rsquo;Artistes du Nord B\u00e9arn<\/li>\n<\/ul>\n<h4>2020 | <a href=\"https:\/\/tinarebou.com\/index.php\/raphael-anime-64\/\">Rapha\u00ebl Anime 64 :<\/a><\/h4>\n<ul>\n<li>Identit\u00e9 visuelle : Logo &#8211; Cartes de Visite &#8211; Affiches &#8211; D\u00e9pliants &#8211; Flipping Book<\/li>\n<\/ul>\n<h4>2016 &#8211; 2022 | <a href=\"http:\/\/tinarebou.com\/index.php\/apprendre5minutes\/apprendre5minutes-2\/\" target=\"_blank\" rel=\"noopener noreferrer\">Apprendre5minutes\u00a0 :<\/a><\/h4>\n<ul>\n<li>Identit\u00e9 visuelle\u00a0 Site\u00a0 &#8211; Pictogrammes &#8211; Cartes<\/li>\n<\/ul>\n<h4><a href=\"http:\/\/tinarebou.com\/index.php\/apprendre5minutes\/danse-de-societe\/\" target=\"_blank\" rel=\"noopener noreferrer\">Dansesociete :<\/a><\/h4>\n<ul>\n<li>Identit\u00e9 visuelle site\u00a0 &#8211; banni\u00e8re WEB &#8211; Slides &#8211; Pictogrammes<\/li>\n<\/ul>\n<h4><a href=\"http:\/\/tinarebou.com\/index.php\/galerie-portraits\/portfolio\/\" target=\"_blank\" rel=\"noopener noreferrer\">Very Bad Clopes<\/a><\/h4>\n<ul>\n<li>Logo &#8211;\u00a0 Teaser\u00a0 &#8211; Affiches Flyer<\/li>\n<\/ul>\n<h4><a href=\"http:\/\/tinarebou.com\/index.php\/comite-des-fetes-de-sevignacq\/\" target=\"_blank\" rel=\"noopener noreferrer\">Comit\u00e9 des F\u00eates de S\u00e9vignacq<\/a><\/h4>\n<ul>\n<li>Pictogrammes &#8211; Affiches &amp; Flyers<\/li>\n<\/ul>\n<h4><a href=\"http:\/\/tinarebou.com\/index.php\/apprendre5minutes\/elektro-hippo-service-culturel-associations\/\" target=\"_blank\" rel=\"noopener noreferrer\">Service Culturel \u00e0 l&rsquo;UPPA de Pau :<\/a><\/h4>\n<ul>\n<li>Affiche &#8211; Flyer &#8211; Pictogrammes<\/li>\n<\/ul>\n<h4><a href=\"http:\/\/tinarebou.com\/?page_id=1979&amp;preview=true\" target=\"_blank\" rel=\"noopener noreferrer\">Biblioth\u00e8que de Pictogrammes<\/a><\/h4>\n<ul>\n<li>Cr\u00e9ation de nouveaux Pictogrammes &amp; Pictogrammes revisit\u00e9s (couleurs &amp; textures)<\/li>\n<\/ul>\n","protected":false},"excerpt":{"rendered":"<p>2022 | SANB : Salon d&rsquo;Artistes du Nord B\u00e9arn Affiche pour le 17\u00e8me Salon d&rsquo;Artistes du Nord B\u00e9arn 2020 | Rapha\u00ebl Anime 64 : Identit\u00e9 &hellip;<\/p>\n","protected":false},"author":1,"featured_media":0,"parent":0,"menu_order":2,"comment_status":"closed","ping_status":"closed","template":"","meta":{"footnotes":""},"class_list":["post-1791","page","type-page","status-publish","hentry"],"_links":{"self":[{"href":"https:\/\/tinarebou.com\/index.php\/wp-json\/wp\/v2\/pages\/1791","targetHints":{"allow":["GET"]}}],"collection":[{"href":"https:\/\/tinarebou.com\/index.php\/wp-json\/wp\/v2\/pages"}],"about":[{"href":"https:\/\/tinarebou.com\/index.php\/wp-json\/wp\/v2\/types\/page"}],"author":[{"embeddable":true,"href":"https:\/\/tinarebou.com\/index.php\/wp-json\/wp\/v2\/users\/1"}],"replies":[{"embeddable":true,"href":"https:\/\/tinarebou.com\/index.php\/wp-json\/wp\/v2\/comments?post=1791"}],"version-history":[{"count":54,"href":"https:\/\/tinarebou.com\/index.php\/wp-json\/wp\/v2\/pages\/1791\/revisions"}],"predecessor-version":[{"id":8653,"href":"https:\/\/tinarebou.com\/index.php\/wp-json\/wp\/v2\/pages\/1791\/revisions\/8653"}],"wp:attachment":[{"href":"https:\/\/tinarebou.com\/index.php\/wp-json\/wp\/v2\/media?parent=1791"}],"curies":[{"name":"wp","href":"https:\/\/api.w.org\/{rel}","templated":true}]}}