{"id":1955,"date":"2017-11-18T09:34:26","date_gmt":"2017-11-18T08:34:26","guid":{"rendered":"http:\/\/tinarebou.com\/?page_id=1955"},"modified":"2017-11-20T10:50:01","modified_gmt":"2017-11-20T09:50:01","slug":"comite-des-fetes-de-sevignacq","status":"publish","type":"page","link":"https:\/\/tinarebou.com\/index.php\/design\/comite-des-fetes-de-sevignacq\/","title":{"rendered":"Comit\u00e9 des F\u00eates de S\u00e9vignacq"},"content":{"rendered":"<p>2013 &#8211; 2014 | Conception &amp; R\u00e9alisation Affiches et Flyers pour le Comit\u00e9 des F\u00eates de S\u00e9vignacq<\/p>\n<div id='gallery-1' class='gallery galleryid-1955 gallery-columns-2 gallery-size-medium'><figure class='gallery-item'>\n\t\t\t<div class='gallery-icon portrait'>\n\t\t\t\t<a href='https:\/\/tinarebou.com\/index.php\/design\/comite-des-fetes-de-sevignacq\/attachment\/affichef-comite-des-fetes-sevignacq2015\/'><img loading=\"lazy\" decoding=\"async\" width=\"213\" height=\"300\" src=\"https:\/\/tinarebou.com\/wp-content\/uploads\/2017\/11\/affichef-comite-des-fetes-sevignacq2015-213x300.jpg\" class=\"attachment-medium size-medium\" alt=\"\" aria-describedby=\"gallery-1-2010\" srcset=\"https:\/\/tinarebou.com\/wp-content\/uploads\/2017\/11\/affichef-comite-des-fetes-sevignacq2015-213x300.jpg 213w, https:\/\/tinarebou.com\/wp-content\/uploads\/2017\/11\/affichef-comite-des-fetes-sevignacq2015-600x843.jpg 600w, https:\/\/tinarebou.com\/wp-content\/uploads\/2017\/11\/affichef-comite-des-fetes-sevignacq2015-768x1079.jpg 768w, https:\/\/tinarebou.com\/wp-content\/uploads\/2017\/11\/affichef-comite-des-fetes-sevignacq2015-729x1024.jpg 729w, https:\/\/tinarebou.com\/wp-content\/uploads\/2017\/11\/affichef-comite-des-fetes-sevignacq2015.jpg 992w\" sizes=\"auto, (max-width: 213px) 100vw, 213px\" \/><\/a>\n\t\t\t<\/div>\n\t\t\t\t<figcaption class='wp-caption-text gallery-caption' id='gallery-1-2010'>\n\t\t\t\t2015 | Affiche soir\u00e9e \u00e0 th\u00e8me sur le cabaret 2015\n\t\t\t\t<\/figcaption><\/figure><figure class='gallery-item'>\n\t\t\t<div class='gallery-icon portrait'>\n\t\t\t\t<a href='https:\/\/tinarebou.com\/index.php\/art\/portfolio\/attachment\/affiche-sevignacq-cfs-2014-2\/'><img loading=\"lazy\" decoding=\"async\" width=\"212\" height=\"300\" src=\"https:\/\/tinarebou.com\/wp-content\/uploads\/2016\/12\/affiche-sevignacq-cfs-2014-212x300.jpg\" class=\"attachment-medium size-medium\" alt=\"\" aria-describedby=\"gallery-1-198\" srcset=\"https:\/\/tinarebou.com\/wp-content\/uploads\/2016\/12\/affiche-sevignacq-cfs-2014-212x300.jpg 212w, https:\/\/tinarebou.com\/wp-content\/uploads\/2016\/12\/affiche-sevignacq-cfs-2014-600x848.jpg 600w, https:\/\/tinarebou.com\/wp-content\/uploads\/2016\/12\/affiche-sevignacq-cfs-2014-768x1086.jpg 768w, https:\/\/tinarebou.com\/wp-content\/uploads\/2016\/12\/affiche-sevignacq-cfs-2014-724x1024.jpg 724w, https:\/\/tinarebou.com\/wp-content\/uploads\/2016\/12\/affiche-sevignacq-cfs-2014-1018x1440.jpg 1018w, https:\/\/tinarebou.com\/wp-content\/uploads\/2016\/12\/affiche-sevignacq-cfs-2014.jpg 1500w\" sizes=\"auto, (max-width: 212px) 100vw, 212px\" \/><\/a>\n\t\t\t<\/div>\n\t\t\t\t<figcaption class='wp-caption-text gallery-caption' id='gallery-1-198'>\n\t\t\t\t2014| Affiche pour le Comit\u00e9 des F\u00eates de S\u00e9vignacq\n\t\t\t\t<\/figcaption><\/figure><figure class='gallery-item'>\n\t\t\t<div class='gallery-icon landscape'>\n\t\t\t\t<a href='https:\/\/tinarebou.com\/index.php\/design\/comite-des-fetes-de-sevignacq\/attachment\/flyer-ce-sevignacq-2015\/'><img loading=\"lazy\" decoding=\"async\" width=\"300\" height=\"211\" src=\"https:\/\/tinarebou.com\/wp-content\/uploads\/2017\/11\/flyer-CE-sevignacq-2015-300x211.jpg\" class=\"attachment-medium size-medium\" alt=\"\" aria-describedby=\"gallery-1-2012\" srcset=\"https:\/\/tinarebou.com\/wp-content\/uploads\/2017\/11\/flyer-CE-sevignacq-2015-300x211.jpg 300w, https:\/\/tinarebou.com\/wp-content\/uploads\/2017\/11\/flyer-CE-sevignacq-2015-600x423.jpg 600w, https:\/\/tinarebou.com\/wp-content\/uploads\/2017\/11\/flyer-CE-sevignacq-2015-768x541.jpg 768w, https:\/\/tinarebou.com\/wp-content\/uploads\/2017\/11\/flyer-CE-sevignacq-2015.jpg 827w\" sizes=\"auto, (max-width: 300px) 100vw, 300px\" \/><\/a>\n\t\t\t<\/div>\n\t\t\t\t<figcaption class='wp-caption-text gallery-caption' id='gallery-1-2012'>\n\t\t\t\t2015 | Flyer  soir\u00e9e \u00e0 th\u00e8me sur le cabaret 2015\n\t\t\t\t<\/figcaption><\/figure><figure class='gallery-item'>\n\t\t\t<div class='gallery-icon landscape'>\n\t\t\t\t<a href='https:\/\/tinarebou.com\/index.php\/art\/portfolio\/attachment\/programme-rectofetes-sevignacq-2014\/'><img loading=\"lazy\" decoding=\"async\" width=\"300\" height=\"169\" src=\"https:\/\/tinarebou.com\/wp-content\/uploads\/2016\/12\/Programme-rectofetes-Sevignacq-2014-300x169.png\" class=\"attachment-medium size-medium\" alt=\"Programme Verso S\u00e9vignacq en F\u00eate 2014\" aria-describedby=\"gallery-1-176\" srcset=\"https:\/\/tinarebou.com\/wp-content\/uploads\/2016\/12\/Programme-rectofetes-Sevignacq-2014-300x169.png 300w, https:\/\/tinarebou.com\/wp-content\/uploads\/2016\/12\/Programme-rectofetes-Sevignacq-2014-600x338.png 600w, https:\/\/tinarebou.com\/wp-content\/uploads\/2016\/12\/Programme-rectofetes-Sevignacq-2014-768x432.png 768w, https:\/\/tinarebou.com\/wp-content\/uploads\/2016\/12\/Programme-rectofetes-Sevignacq-2014-1024x576.png 1024w, https:\/\/tinarebou.com\/wp-content\/uploads\/2016\/12\/Programme-rectofetes-Sevignacq-2014-1440x810.png 1440w\" sizes=\"auto, (max-width: 300px) 100vw, 300px\" \/><\/a>\n\t\t\t<\/div>\n\t\t\t\t<figcaption class='wp-caption-text gallery-caption' id='gallery-1-176'>\n\t\t\t\t2014| Programme  Recto pour S\u00e9vignacq en  F\u00eates \n\t\t\t\t<\/figcaption><\/figure>\n\t\t<\/div>\n\n<p>&nbsp;<\/p>\n","protected":false},"excerpt":{"rendered":"<p>2013 &#8211; 2014 | Conception &amp; R\u00e9alisation Affiches et Flyers pour le Comit\u00e9 des F\u00eates de S\u00e9vignacq &nbsp;<\/p>\n","protected":false},"author":1,"featured_media":0,"parent":1791,"menu_order":0,"comment_status":"closed","ping_status":"closed","template":"","meta":{"footnotes":""},"class_list":["post-1955","page","type-page","status-publish","hentry"],"_links":{"self":[{"href":"https:\/\/tinarebou.com\/index.php\/wp-json\/wp\/v2\/pages\/1955","targetHints":{"allow":["GET"]}}],"collection":[{"href":"https:\/\/tinarebou.com\/index.php\/wp-json\/wp\/v2\/pages"}],"about":[{"href":"https:\/\/tinarebou.com\/index.php\/wp-json\/wp\/v2\/types\/page"}],"author":[{"embeddable":true,"href":"https:\/\/tinarebou.com\/index.php\/wp-json\/wp\/v2\/users\/1"}],"replies":[{"embeddable":true,"href":"https:\/\/tinarebou.com\/index.php\/wp-json\/wp\/v2\/comments?post=1955"}],"version-history":[{"count":10,"href":"https:\/\/tinarebou.com\/index.php\/wp-json\/wp\/v2\/pages\/1955\/revisions"}],"predecessor-version":[{"id":2080,"href":"https:\/\/tinarebou.com\/index.php\/wp-json\/wp\/v2\/pages\/1955\/revisions\/2080"}],"up":[{"embeddable":true,"href":"https:\/\/tinarebou.com\/index.php\/wp-json\/wp\/v2\/pages\/1791"}],"wp:attachment":[{"href":"https:\/\/tinarebou.com\/index.php\/wp-json\/wp\/v2\/media?parent=1955"}],"curies":[{"name":"wp","href":"https:\/\/api.w.org\/{rel}","templated":true}]}}