{"id":223,"date":"2017-03-07T22:56:24","date_gmt":"2017-03-07T21:56:24","guid":{"rendered":"http:\/\/tinarebou.com\/?page_id=223"},"modified":"2017-12-13T10:39:28","modified_gmt":"2017-12-13T09:39:28","slug":"mentions-legales","status":"publish","type":"page","link":"https:\/\/tinarebou.com\/index.php\/mentions-legales\/","title":{"rendered":"Mentions L\u00e9gales"},"content":{"rendered":"<p><strong>Identit\u00e9 : tinarebou.com <\/strong><\/p>\n<p>Nathalie Bourr\u00e9<br \/>\nType : Artiste Auteur \u00e0 la Maison des Artistes &#8211; R\u00e9gime micro BNC<br \/>\nN\u00b0 de Siret : 518 969 951 00012<br \/>\nN\u00b0 de TVA : TVA non applicable :<br \/>\nArticle 293B du Code G\u00e9n\u00e9ral des Imp\u00f4ts<br \/>\nCode APE : 9003A<\/p>\n<p><strong>Cr\u00e9ateur, Webmaster &amp; Responsable de Publication<\/strong><br \/>\nNathalie Bourr\u00e9 : Graphiste Designer FREELANCE inscrite \u00e0 la Maison des Artistes<br \/>\nN\u00b0 SIRET 518 969 951 00012 &#8211; CODE APE 9003A<br \/>\nT\u00e9l portable 06 25 22 87 81<br \/>\nLa responsable de Publication est une personne physique<\/p>\n<p><strong>Soci\u00e9t\u00e9 d&rsquo;H\u00e9bergement :<\/strong><br \/>\nSAS OVH &#8211; 2, rue Kellermann &#8211; 59100 Roubaix &#8211; France<br \/>\n<a href=\"http:\/\/www.ovh.com\">www.ovh.com<\/a><br \/>\nN\u00b0 D\u00e9claration \u00e0 la CNIL : 1831407 v 0<\/p>\n<p>Tina Rebou est une marque d\u00e9pos\u00e9e &#8211; Toute reproduction, modification, publication, adaptation ou partie des \u00e9l\u00e9ments du site quel que soit le moyen ou le proc\u00e9d\u00e9 utilis\u00e9, est interdite, sauf autorisation \u00e9crite pr\u00e9alable de : Nathalie Bourr\u00e9.<\/p>\n<p><strong>Responsabilit\u00e9s<\/strong><br \/>\nL&rsquo;ensemble des renseignements et informations contenus dans les pages de ce site sont fournis \u00e0 titre purement indicatif. Toutefois, ceux-ci restent susceptibles de modifications \u00e0 tout moment et sans pr\u00e9avis.<br \/>\nLa responsabilit\u00e9 de Nathalie Bourr\u00e9 ne saurait \u00eatre engag\u00e9e pour tout dommage ou pr\u00e9judice de quelque nature que ce soit subi par l&rsquo;utilisateur du fait :<br \/>\n&lt; de l&rsquo;utilisation du site tinarebou.com<br \/>\n&lt; de l&rsquo;impossibilit\u00e9 d&rsquo;acc\u00e9der au site tinarebou.com<br \/>\n&lt; pour toute impr\u00e9cision, inexactitude ou omission portant sur des informations disponibles sur le site tinarebou.com<br \/>\n&lt; pour tous dommages, directs ou indirects, quelles qu&rsquo;en soient les causes, origines, natures ou cons\u00e9quences provoqu\u00e9s en raison de l&rsquo;acc\u00e8s \u00e0 quelconque information provenant directement ou indirectement du site<br \/>\n&lt; des modifications, omission et\/ou mises \u00e0 jour du site tinarebou.com<\/p>\n<p>&nbsp;<\/p>\n<p>&nbsp;<\/p>\n","protected":false},"excerpt":{"rendered":"<p>Identit\u00e9 : tinarebou.com Nathalie Bourr\u00e9 Type : Artiste Auteur \u00e0 la Maison des Artistes &#8211; R\u00e9gime micro BNC N\u00b0 de Siret : 518 969 951 &hellip;<\/p>\n","protected":false},"author":1,"featured_media":0,"parent":0,"menu_order":2,"comment_status":"closed","ping_status":"closed","template":"templates\/template-page-with-intro.php","meta":{"footnotes":""},"class_list":["post-223","page","type-page","status-publish","hentry"],"_links":{"self":[{"href":"https:\/\/tinarebou.com\/index.php\/wp-json\/wp\/v2\/pages\/223","targetHints":{"allow":["GET"]}}],"collection":[{"href":"https:\/\/tinarebou.com\/index.php\/wp-json\/wp\/v2\/pages"}],"about":[{"href":"https:\/\/tinarebou.com\/index.php\/wp-json\/wp\/v2\/types\/page"}],"author":[{"embeddable":true,"href":"https:\/\/tinarebou.com\/index.php\/wp-json\/wp\/v2\/users\/1"}],"replies":[{"embeddable":true,"href":"https:\/\/tinarebou.com\/index.php\/wp-json\/wp\/v2\/comments?post=223"}],"version-history":[{"count":13,"href":"https:\/\/tinarebou.com\/index.php\/wp-json\/wp\/v2\/pages\/223\/revisions"}],"predecessor-version":[{"id":231,"href":"https:\/\/tinarebou.com\/index.php\/wp-json\/wp\/v2\/pages\/223\/revisions\/231"}],"wp:attachment":[{"href":"https:\/\/tinarebou.com\/index.php\/wp-json\/wp\/v2\/media?parent=223"}],"curies":[{"name":"wp","href":"https:\/\/api.w.org\/{rel}","templated":true}]}}