{"id":4969,"date":"2018-11-26T12:20:51","date_gmt":"2018-11-26T11:20:51","guid":{"rendered":"https:\/\/tinarebou.com\/?page_id=4969"},"modified":"2025-11-10T20:23:57","modified_gmt":"2025-11-10T19:23:57","slug":"a-propos-de-tinarebou","status":"publish","type":"page","link":"https:\/\/tinarebou.com\/index.php\/a-propos-de-tinarebou\/","title":{"rendered":"A Propos"},"content":{"rendered":"\n<div class=\"wp-block-columns has-3-columns is-layout-flex wp-container-core-columns-is-layout-9d6595d7 wp-block-columns-is-layout-flex\">\n<div class=\"wp-block-column is-layout-flow wp-block-column-is-layout-flow\">\n<h4 class=\"wp-block-heading\">ARTISTE PEINTRE NUM\u00c9RIQUE ET GRAPHISTE FREELANCE<\/h4>\n\n\n\n<p class=\"has-text-align-left has-normal-font-size\"><em>TINAREBOU&nbsp; met en symbiose ses passions que sont la peinture, le graphisme, l&rsquo;origami et le mouvement \u00e0 travers ses oeuvres.<\/em><\/p>\n\n\n\n<div class=\"wp-block-cover is-light aligncenter wp-elements-6b690b2fb699c5bb29c7101819d7e8c2\"><img loading=\"lazy\" decoding=\"async\" width=\"150\" height=\"150\" class=\"wp-block-cover__image-background wp-image-5005 size-thumbnail\" src=\"https:\/\/tinarebou.com\/wp-content\/uploads\/2018\/11\/tinarebou-recad-2-2018-2-150x150.jpg\" style=\"object-position:40% 40%\" data-object-fit=\"cover\" data-object-position=\"40% 40%\" srcset=\"https:\/\/tinarebou.com\/wp-content\/uploads\/2018\/11\/tinarebou-recad-2-2018-2-150x150.jpg 150w, https:\/\/tinarebou.com\/wp-content\/uploads\/2018\/11\/tinarebou-recad-2-2018-2-100x100.jpg 100w\" sizes=\"auto, (max-width: 150px) 100vw, 150px\" \/><span aria-hidden=\"true\" class=\"wp-block-cover__background has-pale-cyan-blue-background-color has-background-dim-0 has-background-dim\"><\/span><div class=\"wp-block-cover__inner-container is-layout-flow wp-block-cover-is-layout-flow\">\n<p class=\"has-text-align-center has-large-font-size\"><\/p>\n\n\n<div class=\"wp-block-post-author-name\">Tina Rebou<\/div><\/div><\/div>\n\n\n\n<h4 class=\"wp-block-heading has-text-align-left\">DIPL\u00d4M\u00c9E DES BEAUX-ARTS DE PAU<\/h4>\n\n\n\n<p style=\"font-size:14px\">Son coup de foudre pour les grands ma\u00eetres de la peinture \u00e0 l\u2019\u00e2ge de 20 ans et son attirance pour les arts graphiques, les nouvelles technologies et la danse, am\u00e8nent Tinarebou \u00e0 \u00e9tudier l\u2019art contemporain et le design en communication.<\/p>\n\n\n\n<h4 class=\"wp-block-heading\">INFOGRAPHISTE PRINT<br><\/h4>\n\n\n\n<p style=\"font-size:14px\">Un poste d\u2019infographiste lui permet de d\u00e9velopper ses comp\u00e9tences ainsi qu\u2019une ind\u00e9pendance et une autonomie dans son travail.<br>Ce travail, plus orient\u00e9 vers la productivit\u00e9 que vers la cr\u00e9ativit\u00e9, l\u2019incite \u00e0 peindre et danser pendant son temps libre et l\u2019oriente vers une nouvelle formation multim\u00e9dia.<br><\/p>\n\n\n\n<h3 class=\"wp-block-heading\" style=\"font-size:25px\">FORMATION MULTIMEDIA<\/h3>\n\n\n\n<p style=\"font-size:14px\">Une formation Multim\u00e9dia (DUTM 2012-2013) lui apporte tous les outils pour affiner son savoir-faire et lui permettre de devenir Graphiste Freelance.<\/p>\n<\/div>\n\n\n\n<div class=\"wp-block-column is-layout-flow wp-block-column-is-layout-flow\">\n<h2 class=\"wp-block-heading\">GRAPHISTE FREELANCE<\/h2>\n\n\n\n<h4 class=\"wp-block-heading has-large-font-size\"><\/h4>\n\n\n\n<p style=\"font-size:14px\">Elle r\u00e9alise des travaux graphiques pour le web<a rel=\"noreferrer noopener\" aria-label=\"Elle r\u00e9alise des travaux graphiques pour le web (voir l'article sur le site \u00e9ducatif : apprendre5minutes) des animations multim\u00e9dia, des teaser et une bande dessin\u00e9e, (pour VeryBadClopes - voir l'article sur se sujet) alternant entre la peinture et le graphisme sans oublier la danse, passion qu\u2019elle continue de pratiquer. (ouverture dans un nouvel onglet)\" href=\"https:\/\/tinarebou.com\/index.php\/2017\/11\/apprendre5minutes\/actualite\/\" target=\"_blank\"> (voir l&rsquo;article sur le site \u00e9ducatif : apprendre5minutes) <\/a>des animations multim\u00e9dia, des teaser et une bande dessin\u00e9e, (pour <a href=\"https:\/\/tinarebou.com\/index.php\/2017\/09\/very-bad-clopes-a-san-diego\/actualite\/\" target=\"_blank\" rel=\"noreferrer noopener\" aria-label=\"Elle r\u00e9alise des travaux graphiques pour le web (voir l'article sur le site \u00e9ducatif : apprendre5minutes) des animations multim\u00e9dia, des teaser et une bande dessin\u00e9e, (pour VeryBadClopes - voir l'article sur se sujet) alternant entre la peinture et le graphisme sans oublier la danse, passion qu\u2019elle continue de pratiquer. (ouverture dans un nouvel onglet)\">VeryBadClopes &#8211; voir l&rsquo;article sur se sujet)<\/a> alternant entre la peinture et le graphisme sans oublier la danse, passion qu\u2019elle continue de pratiquer.<\/p>\n\n\n\n<p style=\"font-size:15px\"><strong><em>Aujourd\u2019hui ses peintures au pastel, \u00e0 l\u2019acrylique ou \u00e0 <\/em><\/strong><strong><em>l\u2019aquarelle sont reprises et int\u00e9gr\u00e9es dans un nouvel univers <\/em><\/strong><strong><em>num\u00e9rique.<\/em><\/strong><\/p>\n\n\n\n<h4 class=\"wp-block-heading has-large-font-size\">PORTRAITS D\u2019ANIMAUX<\/h4>\n\n\n\n<p style=\"font-size:14px\">Ses portraits animaliers sont un hommage aux animaux et \u00e0 ceux qui les aiment et aussi \u00e0 ceux qui ne sont plus l\u00e0, un hommage aux \u00e9crivains et aux peintres qui lui ont insuffl\u00e9 l\u2019envie de cr\u00e9er.<br>Chaque tableau illustre une citation et lui donne vie ; un visuel associ\u00e9 aux mots, comme traduction d\u2019une pens\u00e9e. <a href=\"https:\/\/tinarebou.com\/index.php\/2017\/11\/chien-chat-cie-portraits-danimaux\/actualite\/\" target=\"_blank\" rel=\"noreferrer noopener\" aria-label=\"Ses portraits animaliers sont un hommage aux animaux et \u00e0 ceux qui les aiment et aussi \u00e0 ceux qui ne sont plus l\u00e0, un hommage aux \u00e9crivains et aux peintres qui lui ont insuffl\u00e9 l\u2019envie de cr\u00e9er.\nChaque tableau illustre une citation et lui donne vie ; un visuel associ\u00e9 aux mots, comme traduction d\u2019une pens\u00e9e. Voir l'article.\n (ouverture dans un nouvel onglet)\">Voir l&rsquo;article.<\/a><br><\/p>\n\n\n\n<h4 class=\"wp-block-heading has-large-font-size\">PORTRAITS HUMAINS<\/h4>\n\n\n\n<p style=\"font-size:12px\">Ses portraits humains expriment ce sentiment de s\u00e9r\u00e9nit\u00e9, de complicit\u00e9 et de spiritualit\u00e9 qu\u2019elle cherche \u00e0 retranscrire.<br><br>Dans chaque tableau, ce sentiment est renforc\u00e9 par l\u2019accompagnement d\u2019une citation en \u00e9cho, contenant une parole de sagesse de l\u2019humanit\u00e9 et d\u2019une calligraphie cr\u00e9\u00e9e sur le mouvement qui pr\u00e9sente une analogie graphique avec des \u00e9critures indiennes et tib\u00e9taines int\u00e9gr\u00e9es par fragments au sein de la composition pour rappeller le th\u00e8me du Zanskar. <a href=\"https:\/\/tinarebou.com\/index.php\/2017\/10\/pensees-orientales\/actualite\/\" target=\"_blank\" rel=\"noreferrer noopener\" aria-label=\"Ses portraits humains expriment ce sentiment de s\u00e9r\u00e9nit\u00e9, de complicit\u00e9 et de spiritualit\u00e9 qu\u2019elle cherche \u00e0 retranscrire.\n\nDans chaque tableau, ce sentiment est renforc\u00e9 par l\u2019accompagnement d\u2019une citation en \u00e9cho, contenant une parole de sagesse de l\u2019humanit\u00e9 et d\u2019une calligraphie cr\u00e9\u00e9e sur le mouvement qui pr\u00e9sente une analogie graphique avec des \u00e9critures indiennes et tib\u00e9taines int\u00e9gr\u00e9es par fragments au sein de la composition pour rappeller le th\u00e8me du Zanskar. Voir l'Article.\n (ouverture dans un nouvel onglet)\">Voir l&rsquo;Article.<\/a><br><\/p>\n\n\n\n<h4 class=\"wp-block-heading has-large-font-size\">CALLIGRAPHIES<\/h4>\n\n\n\n<p style=\"font-size:14px\">Tinarebou explore le th\u00e8me du mouvement et de la vie dans une s\u00e9rie de calligraphies.<\/p>\n\n\n\n<p style=\"font-size:14px\">Voir l&rsquo;article<a rel=\"noreferrer noopener\" aria-label=\"Voir l'article &quot;Calligraphie | Le Mouvement et la Vie&quot; pour plus d'informations sur ce sujet.\n\nVous pourrez retrouver ces trois th\u00e8mes sous forme d\u2019Artbook qui accompagnent mes expositions. (ouverture dans un nouvel onglet)\" href=\"https:\/\/tinarebou.com\/index.php\/2018\/11\/calligraphies-le-mouvement-la-vie\/actualite\/\" target=\"_blank\"> \u00ab\u00a0Calligraphie | Le Mouvement et la Vie\u00a0\u00bb<\/a> pour plus d&rsquo;informations sur ce sujet.<br><br><em><strong>Vous pourrez retrouver ces trois th\u00e8mes sous forme d\u2019Artbook qui accompagnent mes expositions.<\/strong><\/em> <br><br>Vous pouvez \u00e9galement retrouver certaines de mes peintures sur le site <a rel=\"noreferrer noopener\" aria-label=\"d'Artquid  (s\u2019ouvre dans un nouvel onglet)\" href=\"https:\/\/fr.artquid.com\/artist\/tinarebou\/tinarebou.html\" target=\"_blank\">d&rsquo;Artquid <\/a><\/p>\n<\/div>\n\n\n\n<div class=\"wp-block-column is-layout-flow wp-block-column-is-layout-flow\">\n<figure class=\"wp-block-image is-resized\"><img loading=\"lazy\" decoding=\"async\" width=\"354\" height=\"1024\" src=\"https:\/\/tinarebou.com\/wp-content\/uploads\/2018\/11\/visuel-apropostr-2018-1-354x1024.jpg\" alt=\"\" class=\"wp-image-4991\" style=\"width:354px;height:1024px\" srcset=\"https:\/\/tinarebou.com\/wp-content\/uploads\/2018\/11\/visuel-apropostr-2018-1-354x1024.jpg 354w, https:\/\/tinarebou.com\/wp-content\/uploads\/2018\/11\/visuel-apropostr-2018-1-104x300.jpg 104w, https:\/\/tinarebou.com\/wp-content\/uploads\/2018\/11\/visuel-apropostr-2018-1-173x500.jpg 173w, https:\/\/tinarebou.com\/wp-content\/uploads\/2018\/11\/visuel-apropostr-2018-1-277x800.jpg 277w, https:\/\/tinarebou.com\/wp-content\/uploads\/2018\/11\/visuel-apropostr-2018-1-443x1280.jpg 443w, https:\/\/tinarebou.com\/wp-content\/uploads\/2018\/11\/visuel-apropostr-2018-1-664x1920.jpg 664w, https:\/\/tinarebou.com\/wp-content\/uploads\/2018\/11\/visuel-apropostr-2018-1-600x1734.jpg 600w, https:\/\/tinarebou.com\/wp-content\/uploads\/2018\/11\/visuel-apropostr-2018-1.jpg 749w\" sizes=\"auto, (max-width: 354px) 100vw, 354px\" \/><\/figure>\n<\/div>\n<\/div>\n","protected":false},"excerpt":{"rendered":"<p>ARTISTE PEINTRE NUM\u00c9RIQUE ET GRAPHISTE FREELANCE TINAREBOU&nbsp; met en symbiose ses passions que sont la peinture, le graphisme, l&rsquo;origami et le mouvement \u00e0 travers ses &hellip;<\/p>\n","protected":false},"author":1,"featured_media":0,"parent":0,"menu_order":0,"comment_status":"closed","ping_status":"closed","template":"","meta":{"footnotes":""},"class_list":["post-4969","page","type-page","status-publish","hentry"],"_links":{"self":[{"href":"https:\/\/tinarebou.com\/index.php\/wp-json\/wp\/v2\/pages\/4969","targetHints":{"allow":["GET"]}}],"collection":[{"href":"https:\/\/tinarebou.com\/index.php\/wp-json\/wp\/v2\/pages"}],"about":[{"href":"https:\/\/tinarebou.com\/index.php\/wp-json\/wp\/v2\/types\/page"}],"author":[{"embeddable":true,"href":"https:\/\/tinarebou.com\/index.php\/wp-json\/wp\/v2\/users\/1"}],"replies":[{"embeddable":true,"href":"https:\/\/tinarebou.com\/index.php\/wp-json\/wp\/v2\/comments?post=4969"}],"version-history":[{"count":49,"href":"https:\/\/tinarebou.com\/index.php\/wp-json\/wp\/v2\/pages\/4969\/revisions"}],"predecessor-version":[{"id":8878,"href":"https:\/\/tinarebou.com\/index.php\/wp-json\/wp\/v2\/pages\/4969\/revisions\/8878"}],"wp:attachment":[{"href":"https:\/\/tinarebou.com\/index.php\/wp-json\/wp\/v2\/media?parent=4969"}],"curies":[{"name":"wp","href":"https:\/\/api.w.org\/{rel}","templated":true}]}}