{"id":736,"date":"2017-10-19T14:49:01","date_gmt":"2017-10-19T12:49:01","guid":{"rendered":"http:\/\/tinarebou.com\/?page_id=736"},"modified":"2018-11-26T11:32:06","modified_gmt":"2018-11-26T10:32:06","slug":"chien-chat-cie","status":"publish","type":"page","link":"https:\/\/tinarebou.com\/index.php\/art\/chien-chat-cie\/","title":{"rendered":"Chien, Chat &#038; Cie"},"content":{"rendered":"<p style=\"text-align: left;\">2017 | PROJET : CHIEN, CHAT &amp; CIE<\/p>\n<p style=\"text-align: left;\">\u00ab\u00a0Hommage aux animaux et \u00e0 ceux qui les aiment, \u00e0 ceux qu&rsquo;on aime et qui ne sont plus l\u00e0\u00a0\u00bb<\/p>\n<p><iframe loading=\"lazy\" width=\"1505\" height=\"847\" src=\"https:\/\/www.youtube.com\/embed\/m7b8ZuJcVek?feature=oembed\" frameborder=\"0\" allow=\"autoplay; encrypted-media\" allowfullscreen><\/iframe><\/p>\n<h3 style=\"text-align: center;\">GALERIE<\/h3>\n<div id='gallery-1' class='gallery galleryid-736 gallery-columns-1 gallery-size-large'><figure class='gallery-item'>\n\t\t\t<div class='gallery-icon landscape'>\n\t\t\t\t<img loading=\"lazy\" decoding=\"async\" width=\"800\" height=\"411\" src=\"https:\/\/tinarebou.com\/wp-content\/uploads\/2017\/10\/chaton_olivier-tr.jpg\" class=\"attachment-large size-large\" alt=\"\" aria-describedby=\"gallery-1-3239\" srcset=\"https:\/\/tinarebou.com\/wp-content\/uploads\/2017\/10\/chaton_olivier-tr.jpg 800w, https:\/\/tinarebou.com\/wp-content\/uploads\/2017\/10\/chaton_olivier-tr-600x308.jpg 600w, https:\/\/tinarebou.com\/wp-content\/uploads\/2017\/10\/chaton_olivier-tr-300x154.jpg 300w, https:\/\/tinarebou.com\/wp-content\/uploads\/2017\/10\/chaton_olivier-tr-768x395.jpg 768w\" sizes=\"auto, (max-width: 800px) 100vw, 800px\" \/>\n\t\t\t<\/div>\n\t\t\t\t<figcaption class='wp-caption-text gallery-caption' id='gallery-1-3239'>\n\t\t\t\t2017 | Chat Tigre\n\t\t\t\t<\/figcaption><\/figure>\n\t\t<\/div>\n\n<div id='gallery-2' class='gallery galleryid-736 gallery-columns-3 gallery-size-full'><figure class='gallery-item'>\n\t\t\t<div class='gallery-icon landscape'>\n\t\t\t\t<img loading=\"lazy\" decoding=\"async\" width=\"600\" height=\"401\" src=\"https:\/\/tinarebou.com\/wp-content\/uploads\/2018\/11\/chat-sur-la-branche-tr-2018-1.jpg\" class=\"attachment-full size-full\" alt=\"\" aria-describedby=\"gallery-2-4943\" srcset=\"https:\/\/tinarebou.com\/wp-content\/uploads\/2018\/11\/chat-sur-la-branche-tr-2018-1.jpg 600w, https:\/\/tinarebou.com\/wp-content\/uploads\/2018\/11\/chat-sur-la-branche-tr-2018-1-300x201.jpg 300w, https:\/\/tinarebou.com\/wp-content\/uploads\/2018\/11\/chat-sur-la-branche-tr-2018-1-500x334.jpg 500w\" sizes=\"auto, (max-width: 600px) 100vw, 600px\" \/>\n\t\t\t<\/div>\n\t\t\t\t<figcaption class='wp-caption-text gallery-caption' id='gallery-2-4943'>\n\t\t\t\t2017 | Chat sur la branche\n\t\t\t\t<\/figcaption><\/figure><figure class='gallery-item'>\n\t\t\t<div class='gallery-icon landscape'>\n\t\t\t\t<img loading=\"lazy\" decoding=\"async\" width=\"600\" height=\"406\" src=\"https:\/\/tinarebou.com\/wp-content\/uploads\/2018\/11\/chat-leonard-tr-2018-1.jpg\" class=\"attachment-full size-full\" alt=\"\" aria-describedby=\"gallery-2-4946\" srcset=\"https:\/\/tinarebou.com\/wp-content\/uploads\/2018\/11\/chat-leonard-tr-2018-1.jpg 600w, https:\/\/tinarebou.com\/wp-content\/uploads\/2018\/11\/chat-leonard-tr-2018-1-300x203.jpg 300w, https:\/\/tinarebou.com\/wp-content\/uploads\/2018\/11\/chat-leonard-tr-2018-1-500x338.jpg 500w\" sizes=\"auto, (max-width: 600px) 100vw, 600px\" \/>\n\t\t\t<\/div>\n\t\t\t\t<figcaption class='wp-caption-text gallery-caption' id='gallery-2-4946'>\n\t\t\t\t2017 | Chat L\u00e9onard\n\t\t\t\t<\/figcaption><\/figure><figure class='gallery-item'>\n\t\t\t<div class='gallery-icon landscape'>\n\t\t\t\t<img loading=\"lazy\" decoding=\"async\" width=\"600\" height=\"403\" src=\"https:\/\/tinarebou.com\/wp-content\/uploads\/2018\/11\/chat-aventurier-tr-2018.jpg\" class=\"attachment-full size-full\" alt=\"\" aria-describedby=\"gallery-2-4947\" srcset=\"https:\/\/tinarebou.com\/wp-content\/uploads\/2018\/11\/chat-aventurier-tr-2018.jpg 600w, https:\/\/tinarebou.com\/wp-content\/uploads\/2018\/11\/chat-aventurier-tr-2018-300x202.jpg 300w, https:\/\/tinarebou.com\/wp-content\/uploads\/2018\/11\/chat-aventurier-tr-2018-500x336.jpg 500w\" sizes=\"auto, (max-width: 600px) 100vw, 600px\" \/>\n\t\t\t<\/div>\n\t\t\t\t<figcaption class='wp-caption-text gallery-caption' id='gallery-2-4947'>\n\t\t\t\t2017 | Chat AVENTURIER\n\t\t\t\t<\/figcaption><\/figure><figure class='gallery-item'>\n\t\t\t<div class='gallery-icon landscape'>\n\t\t\t\t<img loading=\"lazy\" decoding=\"async\" width=\"600\" height=\"308\" src=\"https:\/\/tinarebou.com\/wp-content\/uploads\/2018\/11\/fs-chat-beaute-v1-tr-2018.jpg\" class=\"attachment-full size-full\" alt=\"\" aria-describedby=\"gallery-2-4952\" srcset=\"https:\/\/tinarebou.com\/wp-content\/uploads\/2018\/11\/fs-chat-beaute-v1-tr-2018.jpg 600w, https:\/\/tinarebou.com\/wp-content\/uploads\/2018\/11\/fs-chat-beaute-v1-tr-2018-300x154.jpg 300w, https:\/\/tinarebou.com\/wp-content\/uploads\/2018\/11\/fs-chat-beaute-v1-tr-2018-500x257.jpg 500w\" sizes=\"auto, (max-width: 600px) 100vw, 600px\" \/>\n\t\t\t<\/div>\n\t\t\t\t<figcaption class='wp-caption-text gallery-caption' id='gallery-2-4952'>\n\t\t\t\t2017 | Chat Beaut\u00e9\n\t\t\t\t<\/figcaption><\/figure><figure class='gallery-item'>\n\t\t\t<div class='gallery-icon landscape'>\n\t\t\t\t<img loading=\"lazy\" decoding=\"async\" width=\"600\" height=\"305\" src=\"https:\/\/tinarebou.com\/wp-content\/uploads\/2018\/11\/chat-klimt-v1-tr-2018.jpg\" class=\"attachment-full size-full\" alt=\"\" aria-describedby=\"gallery-2-4953\" srcset=\"https:\/\/tinarebou.com\/wp-content\/uploads\/2018\/11\/chat-klimt-v1-tr-2018.jpg 600w, https:\/\/tinarebou.com\/wp-content\/uploads\/2018\/11\/chat-klimt-v1-tr-2018-300x153.jpg 300w, https:\/\/tinarebou.com\/wp-content\/uploads\/2018\/11\/chat-klimt-v1-tr-2018-500x254.jpg 500w\" sizes=\"auto, (max-width: 600px) 100vw, 600px\" \/>\n\t\t\t<\/div>\n\t\t\t\t<figcaption class='wp-caption-text gallery-caption' id='gallery-2-4953'>\n\t\t\t\t2017 | Chat Klimt\n\t\t\t\t<\/figcaption><\/figure><figure class='gallery-item'>\n\t\t\t<div class='gallery-icon landscape'>\n\t\t\t\t<img loading=\"lazy\" decoding=\"async\" width=\"600\" height=\"301\" src=\"https:\/\/tinarebou.com\/wp-content\/uploads\/2018\/11\/fs-chat-et-souris-tr-2018-1.jpg\" class=\"attachment-full size-full\" alt=\"\" aria-describedby=\"gallery-2-4950\" srcset=\"https:\/\/tinarebou.com\/wp-content\/uploads\/2018\/11\/fs-chat-et-souris-tr-2018-1.jpg 600w, https:\/\/tinarebou.com\/wp-content\/uploads\/2018\/11\/fs-chat-et-souris-tr-2018-1-300x151.jpg 300w, https:\/\/tinarebou.com\/wp-content\/uploads\/2018\/11\/fs-chat-et-souris-tr-2018-1-500x251.jpg 500w\" sizes=\"auto, (max-width: 600px) 100vw, 600px\" \/>\n\t\t\t<\/div>\n\t\t\t\t<figcaption class='wp-caption-text gallery-caption' id='gallery-2-4950'>\n\t\t\t\t2017 | Chat &#038; Souris\n\t\t\t\t<\/figcaption><\/figure>\n\t\t<\/div>\n\n<div id='gallery-3' class='gallery galleryid-736 gallery-columns-1 gallery-size-large'><figure class='gallery-item'>\n\t\t\t<div class='gallery-icon landscape'>\n\t\t\t\t<img loading=\"lazy\" decoding=\"async\" width=\"600\" height=\"329\" src=\"https:\/\/tinarebou.com\/wp-content\/uploads\/2018\/11\/fs-cheval-archange-v2-tr-2018-1.jpg\" class=\"attachment-large size-large\" alt=\"\" aria-describedby=\"gallery-3-4945\" srcset=\"https:\/\/tinarebou.com\/wp-content\/uploads\/2018\/11\/fs-cheval-archange-v2-tr-2018-1.jpg 600w, https:\/\/tinarebou.com\/wp-content\/uploads\/2018\/11\/fs-cheval-archange-v2-tr-2018-1-300x165.jpg 300w, https:\/\/tinarebou.com\/wp-content\/uploads\/2018\/11\/fs-cheval-archange-v2-tr-2018-1-500x274.jpg 500w\" sizes=\"auto, (max-width: 600px) 100vw, 600px\" \/>\n\t\t\t<\/div>\n\t\t\t\t<figcaption class='wp-caption-text gallery-caption' id='gallery-3-4945'>\n\t\t\t\t2017 | L&rsquo;Archange\n\t\t\t\t<\/figcaption><\/figure>\n\t\t<\/div>\n\n<div id='gallery-4' class='gallery galleryid-736 gallery-columns-3 gallery-size-medium'><figure class='gallery-item'>\n\t\t\t<div class='gallery-icon landscape'>\n\t\t\t\t<img loading=\"lazy\" decoding=\"async\" width=\"300\" height=\"153\" src=\"https:\/\/tinarebou.com\/wp-content\/uploads\/2018\/11\/fs-cheval-lune-v1-tr-2018-300x153.jpg\" class=\"attachment-medium size-medium\" alt=\"\" aria-describedby=\"gallery-4-4957\" srcset=\"https:\/\/tinarebou.com\/wp-content\/uploads\/2018\/11\/fs-cheval-lune-v1-tr-2018-300x153.jpg 300w, https:\/\/tinarebou.com\/wp-content\/uploads\/2018\/11\/fs-cheval-lune-v1-tr-2018-500x255.jpg 500w, https:\/\/tinarebou.com\/wp-content\/uploads\/2018\/11\/fs-cheval-lune-v1-tr-2018.jpg 600w\" sizes=\"auto, (max-width: 300px) 100vw, 300px\" \/>\n\t\t\t<\/div>\n\t\t\t\t<figcaption class='wp-caption-text gallery-caption' id='gallery-4-4957'>\n\t\t\t\t2017 |  Lune\n\t\t\t\t<\/figcaption><\/figure><figure class='gallery-item'>\n\t\t\t<div class='gallery-icon landscape'>\n\t\t\t\t<img loading=\"lazy\" decoding=\"async\" width=\"300\" height=\"151\" src=\"https:\/\/tinarebou.com\/wp-content\/uploads\/2018\/11\/fs-cheval-haflinger-tr-2018-1-300x151.jpg\" class=\"attachment-medium size-medium\" alt=\"\" aria-describedby=\"gallery-4-4955\" srcset=\"https:\/\/tinarebou.com\/wp-content\/uploads\/2018\/11\/fs-cheval-haflinger-tr-2018-1-300x151.jpg 300w, https:\/\/tinarebou.com\/wp-content\/uploads\/2018\/11\/fs-cheval-haflinger-tr-2018-1-500x252.jpg 500w, https:\/\/tinarebou.com\/wp-content\/uploads\/2018\/11\/fs-cheval-haflinger-tr-2018-1.jpg 600w\" sizes=\"auto, (max-width: 300px) 100vw, 300px\" \/>\n\t\t\t<\/div>\n\t\t\t\t<figcaption class='wp-caption-text gallery-caption' id='gallery-4-4955'>\n\t\t\t\t2017 | HAFLINGER\n\t\t\t\t<\/figcaption><\/figure><figure class='gallery-item'>\n\t\t\t<div class='gallery-icon landscape'>\n\t\t\t\t<img loading=\"lazy\" decoding=\"async\" width=\"300\" height=\"154\" src=\"https:\/\/tinarebou.com\/wp-content\/uploads\/2018\/11\/fs-cheval-lardennais-v1-tr-2018-300x154.jpg\" class=\"attachment-medium size-medium\" alt=\"\" aria-describedby=\"gallery-4-4956\" srcset=\"https:\/\/tinarebou.com\/wp-content\/uploads\/2018\/11\/fs-cheval-lardennais-v1-tr-2018-300x154.jpg 300w, https:\/\/tinarebou.com\/wp-content\/uploads\/2018\/11\/fs-cheval-lardennais-v1-tr-2018-500x256.jpg 500w, https:\/\/tinarebou.com\/wp-content\/uploads\/2018\/11\/fs-cheval-lardennais-v1-tr-2018.jpg 600w\" sizes=\"auto, (max-width: 300px) 100vw, 300px\" \/>\n\t\t\t<\/div>\n\t\t\t\t<figcaption class='wp-caption-text gallery-caption' id='gallery-4-4956'>\n\t\t\t\t2017 | L&rsquo;Ardennais\n\t\t\t\t<\/figcaption><\/figure>\n\t\t<\/div>\n\n<div id='gallery-5' class='gallery galleryid-736 gallery-columns-1 gallery-size-large'><figure class='gallery-item'>\n\t\t\t<div class='gallery-icon landscape'>\n\t\t\t\t<img loading=\"lazy\" decoding=\"async\" width=\"600\" height=\"303\" src=\"https:\/\/tinarebou.com\/wp-content\/uploads\/2018\/11\/fs-mirza-tr-v1-2018.jpg\" class=\"attachment-large size-large\" alt=\"\" aria-describedby=\"gallery-5-4959\" srcset=\"https:\/\/tinarebou.com\/wp-content\/uploads\/2018\/11\/fs-mirza-tr-v1-2018.jpg 600w, https:\/\/tinarebou.com\/wp-content\/uploads\/2018\/11\/fs-mirza-tr-v1-2018-300x152.jpg 300w, https:\/\/tinarebou.com\/wp-content\/uploads\/2018\/11\/fs-mirza-tr-v1-2018-500x253.jpg 500w\" sizes=\"auto, (max-width: 600px) 100vw, 600px\" \/>\n\t\t\t<\/div>\n\t\t\t\t<figcaption class='wp-caption-text gallery-caption' id='gallery-5-4959'>\n\t\t\t\t2017 |  MIRZA\n\t\t\t\t<\/figcaption><\/figure>\n\t\t<\/div>\n\n<div id='gallery-6' class='gallery galleryid-736 gallery-columns-3 gallery-size-medium'><figure class='gallery-item'>\n\t\t\t<div class='gallery-icon landscape'>\n\t\t\t\t<img loading=\"lazy\" decoding=\"async\" width=\"300\" height=\"155\" src=\"https:\/\/tinarebou.com\/wp-content\/uploads\/2018\/11\/fs-chienne-vanille-v1-tr-2018-300x155.jpg\" class=\"attachment-medium size-medium\" alt=\"\" aria-describedby=\"gallery-6-4962\" srcset=\"https:\/\/tinarebou.com\/wp-content\/uploads\/2018\/11\/fs-chienne-vanille-v1-tr-2018-300x155.jpg 300w, https:\/\/tinarebou.com\/wp-content\/uploads\/2018\/11\/fs-chienne-vanille-v1-tr-2018-500x258.jpg 500w, https:\/\/tinarebou.com\/wp-content\/uploads\/2018\/11\/fs-chienne-vanille-v1-tr-2018.jpg 600w\" sizes=\"auto, (max-width: 300px) 100vw, 300px\" \/>\n\t\t\t<\/div>\n\t\t\t\t<figcaption class='wp-caption-text gallery-caption' id='gallery-6-4962'>\n\t\t\t\t2017 | Vanille  \n\t\t\t\t<\/figcaption><\/figure><figure class='gallery-item'>\n\t\t\t<div class='gallery-icon landscape'>\n\t\t\t\t<img loading=\"lazy\" decoding=\"async\" width=\"300\" height=\"151\" src=\"https:\/\/tinarebou.com\/wp-content\/uploads\/2018\/11\/fs-chienne-laly-tr-2018-300x151.jpg\" class=\"attachment-medium size-medium\" alt=\"\" aria-describedby=\"gallery-6-4961\" srcset=\"https:\/\/tinarebou.com\/wp-content\/uploads\/2018\/11\/fs-chienne-laly-tr-2018-300x151.jpg 300w, https:\/\/tinarebou.com\/wp-content\/uploads\/2018\/11\/fs-chienne-laly-tr-2018-500x252.jpg 500w, https:\/\/tinarebou.com\/wp-content\/uploads\/2018\/11\/fs-chienne-laly-tr-2018.jpg 600w\" sizes=\"auto, (max-width: 300px) 100vw, 300px\" \/>\n\t\t\t<\/div>\n\t\t\t\t<figcaption class='wp-caption-text gallery-caption' id='gallery-6-4961'>\n\t\t\t\t2017 | Laly\n\t\t\t\t<\/figcaption><\/figure><figure class='gallery-item'>\n\t\t\t<div class='gallery-icon landscape'>\n\t\t\t\t<img loading=\"lazy\" decoding=\"async\" width=\"300\" height=\"151\" src=\"https:\/\/tinarebou.com\/wp-content\/uploads\/2018\/11\/fs-chienne-vanille-f2-tr-2018-300x151.jpg\" class=\"attachment-medium size-medium\" alt=\"\" aria-describedby=\"gallery-6-4960\" srcset=\"https:\/\/tinarebou.com\/wp-content\/uploads\/2018\/11\/fs-chienne-vanille-f2-tr-2018-300x151.jpg 300w, https:\/\/tinarebou.com\/wp-content\/uploads\/2018\/11\/fs-chienne-vanille-f2-tr-2018-500x251.jpg 500w, https:\/\/tinarebou.com\/wp-content\/uploads\/2018\/11\/fs-chienne-vanille-f2-tr-2018.jpg 600w\" sizes=\"auto, (max-width: 300px) 100vw, 300px\" \/>\n\t\t\t<\/div>\n\t\t\t\t<figcaption class='wp-caption-text gallery-caption' id='gallery-6-4960'>\n\t\t\t\t2017 | Vanille \n\t\t\t\t<\/figcaption><\/figure>\n\t\t<\/div>\n\n<p style=\"text-align: center;\">Portraits animaliers (\u00e0 l&rsquo;origine portraits pastel ou aquarelle ou acrylique) revisit\u00e9s dans une nouvelle dimension num\u00e9rique.<\/p>\n<p style=\"text-align: center;\">Chaque portrait\u00a0 est associ\u00e9 \u00e0 une citation qui donne naissance \u00e0 une mise en sc\u00e8ne r\u00e9alis\u00e9e num\u00e9riquement.<\/p>\n<p style=\"text-align: center;\">Pastel &#8211; Aquarelle &#8211; techniques mixtes + montage et cr\u00e9ation num\u00e9rique : Nathalie Bourr\u00e9 &#8211; tinarebou .<\/p>\n<p style=\"text-align: center;\">Source fragments d&rsquo;images : Nathalie Bourr\u00e9-tinarebou,<\/p>\n<p style=\"text-align: center;\"><a href=\"https:\/\/pixabay.com\/fr\/\" target=\"_blank\" rel=\"noopener noreferrer\">Pixabay<\/a> et Wikim\u00e9dia<\/p>\n","protected":false},"excerpt":{"rendered":"<p>2017 | PROJET : CHIEN, CHAT &amp; CIE \u00ab\u00a0Hommage aux animaux et \u00e0 ceux qui les aiment, \u00e0 ceux qu&rsquo;on aime et qui ne sont &hellip;<\/p>\n","protected":false},"author":1,"featured_media":826,"parent":82,"menu_order":0,"comment_status":"closed","ping_status":"closed","template":"templates\/template-page-with-intro.php","meta":{"footnotes":""},"class_list":["post-736","page","type-page","status-publish","has-post-thumbnail","hentry"],"_links":{"self":[{"href":"https:\/\/tinarebou.com\/index.php\/wp-json\/wp\/v2\/pages\/736","targetHints":{"allow":["GET"]}}],"collection":[{"href":"https:\/\/tinarebou.com\/index.php\/wp-json\/wp\/v2\/pages"}],"about":[{"href":"https:\/\/tinarebou.com\/index.php\/wp-json\/wp\/v2\/types\/page"}],"author":[{"embeddable":true,"href":"https:\/\/tinarebou.com\/index.php\/wp-json\/wp\/v2\/users\/1"}],"replies":[{"embeddable":true,"href":"https:\/\/tinarebou.com\/index.php\/wp-json\/wp\/v2\/comments?post=736"}],"version-history":[{"count":37,"href":"https:\/\/tinarebou.com\/index.php\/wp-json\/wp\/v2\/pages\/736\/revisions"}],"predecessor-version":[{"id":739,"href":"https:\/\/tinarebou.com\/index.php\/wp-json\/wp\/v2\/pages\/736\/revisions\/739"}],"up":[{"embeddable":true,"href":"https:\/\/tinarebou.com\/index.php\/wp-json\/wp\/v2\/pages\/82"}],"wp:featuredmedia":[{"embeddable":true,"href":"https:\/\/tinarebou.com\/index.php\/wp-json\/wp\/v2\/media\/826"}],"wp:attachment":[{"href":"https:\/\/tinarebou.com\/index.php\/wp-json\/wp\/v2\/media?parent=736"}],"curies":[{"name":"wp","href":"https:\/\/api.w.org\/{rel}","templated":true}]}}