{"id":767,"date":"2017-10-20T09:26:49","date_gmt":"2017-10-20T07:26:49","guid":{"rendered":"http:\/\/tinarebou.com\/?page_id=767"},"modified":"2017-11-20T10:46:03","modified_gmt":"2017-11-20T09:46:03","slug":"elektro-hippo-service-culturel-associations","status":"publish","type":"page","link":"https:\/\/tinarebou.com\/index.php\/design\/elektro-hippo-service-culturel-associations\/","title":{"rendered":"Service Culturel"},"content":{"rendered":"<h5>1999 | Service Culturel de Pau &#8211; Universit\u00e9 des Pays de l&rsquo;Adour<\/h5>\n<p>R\u00e9alisation Affiche et Flyer pour une manifestation \u00ab\u00a0Zebullition\u00a0\u00bb<br \/>\nJourn\u00e9e SPORT &amp; CULTURE \u00e0 l&rsquo;UPPA sous le titre ELEKTRO HIPPO FESTIVAL au sein de l&rsquo;universit\u00e9 de Pau .<\/p>\n<p>&nbsp;<\/p>\n<div id='gallery-1' class='gallery galleryid-767 gallery-columns-2 gallery-size-medium'><figure class='gallery-item'>\n\t\t\t<div class='gallery-icon landscape'>\n\t\t\t\t<a href='https:\/\/tinarebou.com\/index.php\/art\/portfolio\/attachment\/affiche-sculturel\/'><img loading=\"lazy\" decoding=\"async\" width=\"300\" height=\"212\" src=\"https:\/\/tinarebou.com\/wp-content\/uploads\/2016\/12\/Affiche-sculturel-300x212.png\" class=\"attachment-medium size-medium\" alt=\"\" aria-describedby=\"gallery-1-497\" srcset=\"https:\/\/tinarebou.com\/wp-content\/uploads\/2016\/12\/Affiche-sculturel-300x212.png 300w, https:\/\/tinarebou.com\/wp-content\/uploads\/2016\/12\/Affiche-sculturel-600x425.png 600w, https:\/\/tinarebou.com\/wp-content\/uploads\/2016\/12\/Affiche-sculturel-768x543.png 768w, https:\/\/tinarebou.com\/wp-content\/uploads\/2016\/12\/Affiche-sculturel.png 800w\" sizes=\"auto, (max-width: 300px) 100vw, 300px\" \/><\/a>\n\t\t\t<\/div>\n\t\t\t\t<figcaption class='wp-caption-text gallery-caption' id='gallery-1-497'>\n\t\t\t\t1999| Affiche UPPA (couleurs choisies)\n\t\t\t\t<\/figcaption><\/figure><figure class='gallery-item'>\n\t\t\t<div class='gallery-icon landscape'>\n\t\t\t\t<a href='https:\/\/tinarebou.com\/flyer-sculturel\/'><img loading=\"lazy\" decoding=\"async\" width=\"300\" height=\"212\" src=\"https:\/\/tinarebou.com\/wp-content\/uploads\/2017\/10\/flyer-sculturel-300x212.jpg\" class=\"attachment-medium size-medium\" alt=\"\" aria-describedby=\"gallery-1-857\" srcset=\"https:\/\/tinarebou.com\/wp-content\/uploads\/2017\/10\/flyer-sculturel-300x212.jpg 300w, https:\/\/tinarebou.com\/wp-content\/uploads\/2017\/10\/flyer-sculturel-600x424.jpg 600w, https:\/\/tinarebou.com\/wp-content\/uploads\/2017\/10\/flyer-sculturel-768x543.jpg 768w, https:\/\/tinarebou.com\/wp-content\/uploads\/2017\/10\/flyer-sculturel-1024x724.jpg 1024w, https:\/\/tinarebou.com\/wp-content\/uploads\/2017\/10\/flyer-sculturel-1440x1018.jpg 1440w\" sizes=\"auto, (max-width: 300px) 100vw, 300px\" \/><\/a>\n\t\t\t<\/div>\n\t\t\t\t<figcaption class='wp-caption-text gallery-caption' id='gallery-1-857'>\n\t\t\t\t1999| Flyer UPPA (couleurs origine)\n\t\t\t\t<\/figcaption><\/figure><figure class='gallery-item'>\n\t\t\t<div class='gallery-icon landscape'>\n\t\t\t\t<a href='https:\/\/tinarebou.com\/index.php\/design\/elektro-hippo-service-culturel-associations\/attachment\/service_culturel2-2\/'><img loading=\"lazy\" decoding=\"async\" width=\"300\" height=\"212\" src=\"https:\/\/tinarebou.com\/wp-content\/uploads\/2017\/10\/service_culturel2-300x212.jpg\" class=\"attachment-medium size-medium\" alt=\"\" aria-describedby=\"gallery-1-902\" srcset=\"https:\/\/tinarebou.com\/wp-content\/uploads\/2017\/10\/service_culturel2-300x212.jpg 300w, https:\/\/tinarebou.com\/wp-content\/uploads\/2017\/10\/service_culturel2-600x424.jpg 600w, https:\/\/tinarebou.com\/wp-content\/uploads\/2017\/10\/service_culturel2-768x543.jpg 768w, https:\/\/tinarebou.com\/wp-content\/uploads\/2017\/10\/service_culturel2-1024x724.jpg 1024w, https:\/\/tinarebou.com\/wp-content\/uploads\/2017\/10\/service_culturel2-1440x1018.jpg 1440w\" sizes=\"auto, (max-width: 300px) 100vw, 300px\" \/><\/a>\n\t\t\t<\/div>\n\t\t\t\t<figcaption class='wp-caption-text gallery-caption' id='gallery-1-902'>\n\t\t\t\t2017 | Affiche UPPACouleurs et mati\u00e8re de fond revisit\u00e9s\n\t\t\t\t<\/figcaption><\/figure><figure class='gallery-item'>\n\t\t\t<div class='gallery-icon landscape'>\n\t\t\t\t<a href='https:\/\/tinarebou.com\/index.php\/art\/portfolio\/attachment\/flyer1-aprendre\/'><img loading=\"lazy\" decoding=\"async\" width=\"300\" height=\"212\" src=\"https:\/\/tinarebou.com\/wp-content\/uploads\/2016\/12\/flyer1-aprendre-300x212.jpg\" class=\"attachment-medium size-medium\" alt=\"\" aria-describedby=\"gallery-1-494\" srcset=\"https:\/\/tinarebou.com\/wp-content\/uploads\/2016\/12\/flyer1-aprendre-300x212.jpg 300w, https:\/\/tinarebou.com\/wp-content\/uploads\/2016\/12\/flyer1-aprendre-600x424.jpg 600w, https:\/\/tinarebou.com\/wp-content\/uploads\/2016\/12\/flyer1-aprendre-768x543.jpg 768w, https:\/\/tinarebou.com\/wp-content\/uploads\/2016\/12\/flyer1-aprendre-1024x724.jpg 1024w, https:\/\/tinarebou.com\/wp-content\/uploads\/2016\/12\/flyer1-aprendre-1440x1018.jpg 1440w\" sizes=\"auto, (max-width: 300px) 100vw, 300px\" \/><\/a>\n\t\t\t<\/div>\n\t\t\t\t<figcaption class='wp-caption-text gallery-caption' id='gallery-1-494'>\n\t\t\t\t2017 | Flyer UPPA\nCouleurs et mati\u00e8re de fond revisit\u00e9s\n\t\t\t\t<\/figcaption><\/figure>\n\t\t<\/div>\n\n<h4>Cr\u00e9ation de pictogrammes<\/h4>\n<p>sur les 2 th\u00e8mes (Sport &amp; Culture) afin de r\u00e9aliser l&rsquo;Affiche &amp; le Flyer<\/p>\n<ul class=\"kiwi-logo-carousel kiwi-logo-carousel-service-culturel default align-center col4\"><li style=\"height:254px;\" ><div class=\"helper\" style=\"height:254px; width:185px;\" ><img decoding=\"async\" src=\"https:\/\/tinarebou.com\/wp-content\/uploads\/2017\/11\/picto-tamtam-uppa.jpg\" alt=\"Pictogramme TamTam\" title=\"Pictogramme TamTam\" style=\"max-width:185px; padding-left: 2.5px; padding-right:2.5px\" ><\/div><\/li><li style=\"height:254px;\" ><div class=\"helper\" style=\"height:254px; width:185px;\" ><img decoding=\"async\" src=\"https:\/\/tinarebou.com\/wp-content\/uploads\/2017\/11\/picto-delataplane-uppa.jpg\" alt=\"Pictogramme Deltaplane\" title=\"Pictogramme Deltaplane\" style=\"max-width:185px; padding-left: 2.5px; padding-right:2.5px\" ><\/div><\/li><li style=\"height:254px;\" ><div class=\"helper\" style=\"height:254px; width:185px;\" ><img decoding=\"async\" src=\"https:\/\/tinarebou.com\/wp-content\/uploads\/2017\/11\/picto-flamenco-uppa.jpg\" alt=\"Pictogramme Flamenco\" title=\"Pictogramme Flamenco\" style=\"max-width:185px; padding-left: 2.5px; padding-right:2.5px\" ><\/div><\/li><li style=\"height:254px;\" ><div class=\"helper\" style=\"height:254px; width:185px;\" ><img decoding=\"async\" src=\"https:\/\/tinarebou.com\/wp-content\/uploads\/2017\/11\/picto-danse-africaine-uppa.jpg\" alt=\"Pictogramme Danse Africaine\" title=\"Pictogramme Danse Africaine\" style=\"max-width:185px; padding-left: 2.5px; padding-right:2.5px\" ><\/div><\/li><li style=\"height:254px;\" ><div class=\"helper\" style=\"height:254px; width:185px;\" ><img decoding=\"async\" src=\"https:\/\/tinarebou.com\/wp-content\/uploads\/2017\/11\/picto-batteur-uppa-1.jpg\" alt=\"Pictogramme Batteur\" title=\"Pictogramme Batteur\" style=\"max-width:185px; padding-left: 2.5px; padding-right:2.5px\" ><\/div><\/li><li style=\"height:254px;\" ><div class=\"helper\" style=\"height:254px; width:185px;\" ><img decoding=\"async\" src=\"https:\/\/tinarebou.com\/wp-content\/uploads\/2017\/11\/picto-elektrohippo-uppa.jpg\" alt=\"Pictogramme Hippopotame\" title=\"Pictogramme Hippopotame\" style=\"max-width:185px; padding-left: 2.5px; padding-right:2.5px\" ><\/div><\/li><li style=\"height:254px;\" ><div class=\"helper\" style=\"height:254px; width:185px;\" ><img decoding=\"async\" src=\"https:\/\/tinarebou.com\/wp-content\/uploads\/2017\/11\/picto-snowboard-uppa.jpg\" alt=\"Pictogramme Snowboard\" title=\"Pictogramme Snowboard\" style=\"max-width:185px; padding-left: 2.5px; padding-right:2.5px\" ><\/div><\/li><li style=\"height:254px;\" ><div class=\"helper\" style=\"height:254px; width:185px;\" ><img decoding=\"async\" src=\"https:\/\/tinarebou.com\/wp-content\/uploads\/2017\/11\/picto-guitariste-uppa.jpg\" alt=\"Pictogramme Guitariste\" title=\"Pictogramme Guitariste\" style=\"max-width:185px; padding-left: 2.5px; padding-right:2.5px\" ><\/div><\/li><li style=\"height:254px;\" ><div class=\"helper\" style=\"height:254px; width:185px;\" ><img decoding=\"async\" src=\"https:\/\/tinarebou.com\/wp-content\/uploads\/2017\/11\/picto-hippo-uppa.jpg\" alt=\"Pictogramme Hippopotame\" title=\"Pictogramme Hippopotame\" style=\"max-width:185px; padding-left: 2.5px; padding-right:2.5px\" ><\/div><\/li><li style=\"height:254px;\" ><div class=\"helper\" style=\"height:254px; width:185px;\" ><img decoding=\"async\" src=\"https:\/\/tinarebou.com\/wp-content\/uploads\/2017\/11\/picto-musicien-platine-uppa.jpg\" alt=\"Pictogramme Musicien Platine\" title=\"Pictogramme Musicien Platine\" style=\"max-width:185px; padding-left: 2.5px; padding-right:2.5px\" ><\/div><\/li><\/ul>\n<p>&nbsp;<\/p>\n<h5><em>Refonte de ces pictogrammes dans de nouvelles couleurs et mati\u00e8res de fond ; <\/em><\/h5>\n<h5><em>Cr\u00e9ation de nouveaux pictogrammes <\/em><\/h5>\n<h5><em>voir page <a href=\"http:\/\/tinarebou.com\/index.php\/art\/creation-de-nouveaux-pictogrammes\/\" target=\"_blank\" rel=\"noopener noreferrer\">Biblioth\u00e8que de Pictogrammes<\/a>.<\/em><\/h5>\n","protected":false},"excerpt":{"rendered":"<p>1999 | Service Culturel de Pau &#8211; Universit\u00e9 des Pays de l&rsquo;Adour R\u00e9alisation Affiche et Flyer pour une manifestation \u00ab\u00a0Zebullition\u00a0\u00bb Journ\u00e9e SPORT &amp; CULTURE \u00e0 &hellip;<\/p>\n","protected":false},"author":1,"featured_media":1998,"parent":1791,"menu_order":2,"comment_status":"closed","ping_status":"closed","template":"","meta":{"footnotes":""},"class_list":["post-767","page","type-page","status-publish","has-post-thumbnail","hentry"],"_links":{"self":[{"href":"https:\/\/tinarebou.com\/index.php\/wp-json\/wp\/v2\/pages\/767","targetHints":{"allow":["GET"]}}],"collection":[{"href":"https:\/\/tinarebou.com\/index.php\/wp-json\/wp\/v2\/pages"}],"about":[{"href":"https:\/\/tinarebou.com\/index.php\/wp-json\/wp\/v2\/types\/page"}],"author":[{"embeddable":true,"href":"https:\/\/tinarebou.com\/index.php\/wp-json\/wp\/v2\/users\/1"}],"replies":[{"embeddable":true,"href":"https:\/\/tinarebou.com\/index.php\/wp-json\/wp\/v2\/comments?post=767"}],"version-history":[{"count":32,"href":"https:\/\/tinarebou.com\/index.php\/wp-json\/wp\/v2\/pages\/767\/revisions"}],"predecessor-version":[{"id":2076,"href":"https:\/\/tinarebou.com\/index.php\/wp-json\/wp\/v2\/pages\/767\/revisions\/2076"}],"up":[{"embeddable":true,"href":"https:\/\/tinarebou.com\/index.php\/wp-json\/wp\/v2\/pages\/1791"}],"wp:featuredmedia":[{"embeddable":true,"href":"https:\/\/tinarebou.com\/index.php\/wp-json\/wp\/v2\/media\/1998"}],"wp:attachment":[{"href":"https:\/\/tinarebou.com\/index.php\/wp-json\/wp\/v2\/media?parent=767"}],"curies":[{"name":"wp","href":"https:\/\/api.w.org\/{rel}","templated":true}]}}