{"id":82,"date":"2016-12-28T15:36:32","date_gmt":"2016-12-28T14:36:32","guid":{"rendered":"http:\/\/tinarebou.com\/?page_id=82"},"modified":"2025-11-07T11:23:14","modified_gmt":"2025-11-07T10:23:14","slug":"art","status":"publish","type":"page","link":"https:\/\/tinarebou.com\/index.php\/art\/","title":{"rendered":"Art"},"content":{"rendered":"\t\t<div id=\"serious-slider-96-rnd2129\" class=\"cryout-serious-slider seriousslider serious-slider-96-rnd2129 cryout-serious-slider-96 seriousslider-overlay2 seriousslider-light seriousslider-shadow-none seriousslider-responsive-maintain seriousslider-hidetitles-0 seriousslider-hflip seriousslider-sizing1 seriousslider-aligncenter seriousslider-caption-animation-slide seriousslider-textstyle-textshadow\" data-ride=\"seriousslider\">\n\t\t\t<div class=\"seriousslider-inner\" role=\"listbox\">\n\n\t\t\t\n\t\t\t<div class=\"item slide-1 active\" role=\"option\">\n\t\t\t\t\t\t\t\t<a  >\n\t\t\t\t\t<img loading=\"lazy\" decoding=\"async\" class=\"item-image\" src=\"https:\/\/tinarebou.com\/wp-content\/uploads\/2018\/10\/slide_portrait-animaux-tr-v1-2018.jpg\" alt=\"\" width=\"1400\" height=\"568\">\n\t\t\t\t<\/a>\n\t\t\t\t\t\t\t\t\t\t\t\t<div class=\"seriousslider-hloader\"><\/div>\n\t\t\t\t<figure class=\"seriousslider-cloader\">\n\t\t\t\t\t<svg width=\"200\" height=\"200\">\n\t\t\t\t\t\t<circle cx=\"95\" cy=\"95\" r=\"20\" transform=\"rotate(-90, 95, 95)\"\/>\n\t\t\t\t\t<\/svg>\n\t\t\t  <\/figure>\n\t\t\t<\/div>\n\n\t\t\t\n\t\t\t<div class=\"item slide-2 \" role=\"option\">\n\t\t\t\t\t\t\t\t<a  >\n\t\t\t\t\t<img loading=\"lazy\" decoding=\"async\" class=\"item-image\" src=\"https:\/\/tinarebou.com\/wp-content\/uploads\/2018\/10\/slide_portrait-humains-tr-2018.jpg\" alt=\"\" width=\"1400\" height=\"568\">\n\t\t\t\t<\/a>\n\t\t\t\t\t\t\t\t\t\t\t\t<div class=\"seriousslider-hloader\"><\/div>\n\t\t\t\t<figure class=\"seriousslider-cloader\">\n\t\t\t\t\t<svg width=\"200\" height=\"200\">\n\t\t\t\t\t\t<circle cx=\"95\" cy=\"95\" r=\"20\" transform=\"rotate(-90, 95, 95)\"\/>\n\t\t\t\t\t<\/svg>\n\t\t\t  <\/figure>\n\t\t\t<\/div>\n\n\t\t\t\n\t\t\t<div class=\"item slide-3 \" role=\"option\">\n\t\t\t\t\t\t\t\t<a  >\n\t\t\t\t\t<img loading=\"lazy\" decoding=\"async\" class=\"item-image\" src=\"https:\/\/tinarebou.com\/wp-content\/uploads\/2018\/10\/slide_p-calligraphies-tr-v4-c-2018.jpg\" alt=\"\" width=\"1400\" height=\"568\">\n\t\t\t\t<\/a>\n\t\t\t\t\t\t\t\t\t\t\t\t<div class=\"seriousslider-hloader\"><\/div>\n\t\t\t\t<figure class=\"seriousslider-cloader\">\n\t\t\t\t\t<svg width=\"200\" height=\"200\">\n\t\t\t\t\t\t<circle cx=\"95\" cy=\"95\" r=\"20\" transform=\"rotate(-90, 95, 95)\"\/>\n\t\t\t\t\t<\/svg>\n\t\t\t  <\/figure>\n\t\t\t<\/div>\n\n\t\t\t\n\t\t\t<div class=\"item slide-4 \" role=\"option\">\n\t\t\t\t\t\t\t\t<a  >\n\t\t\t\t\t<img loading=\"lazy\" decoding=\"async\" class=\"item-image\" src=\"https:\/\/tinarebou.com\/wp-content\/uploads\/2017\/04\/slide-very-bad-clopes-tr-1.jpg\" alt=\"\" width=\"1400\" height=\"568\">\n\t\t\t\t<\/a>\n\t\t\t\t\t\t\t\t\t\t\t\t<div class=\"seriousslider-caption\">\n\t\t\t\t\t<div class=\"seriousslider-caption-inside\">\n\t\t\t\t\t\t\t\t\t\t\t\t<div class=\"seriousslider-caption-text\"><h5 style=\"text-align: center;\"><em>D\u00e9couvrez un Univers\r\nBurlesque et D\u00e9glingo<\/em><\/h5>\r\n<p style=\"text-align: center;\"><a href=\"https:\/\/www.youtube.com\/watch?v=MzEGko4mCUs\" target=\"_blank\" rel=\"noopener noreferrer\">Vid\u00e9o D\u00e9mo<\/a><a href=\"https:\/\/www.youtube.com\/watch?v=u87zdCcp8Xc\" target=\"_blank\" rel=\"noopener noreferrer\"> Diaporama<\/a> <a href=\"http:\/\/tinarebou.com\/index.php\/portfolio\/\" target=\"_blank\" rel=\"noopener noreferrer\">Galerie <\/a><\/p><\/div>\t\t\t\t\t\t<div class=\"seriousslider-caption-buttons\">\n\t\t\t\t\t\t\t\t\t\t\t\t\t\t\t\t\t\t\t\t\t\t\t\t\t\t\t\t\t\t\t\t\t\t\t\t\t\t\t\t\t\t\t<\/div>\n\t\t\t\t\t<\/div><!--seriousslider-caption-inside-->\n\t\t\t\t<\/div><!--seriousslider-caption-->\n\t\t\t\t\t\t\t\t<div class=\"seriousslider-hloader\"><\/div>\n\t\t\t\t<figure class=\"seriousslider-cloader\">\n\t\t\t\t\t<svg width=\"200\" height=\"200\">\n\t\t\t\t\t\t<circle cx=\"95\" cy=\"95\" r=\"20\" transform=\"rotate(-90, 95, 95)\"\/>\n\t\t\t\t\t<\/svg>\n\t\t\t  <\/figure>\n\t\t\t<\/div>\n\n\t\t\t\n\t\t\t<div class=\"item slide-5 \" role=\"option\">\n\t\t\t\t\t\t\t\t<a  >\n\t\t\t\t\t<img loading=\"lazy\" decoding=\"async\" class=\"item-image\" src=\"https:\/\/tinarebou.com\/wp-content\/uploads\/2017\/04\/slide_petroglyph-tr.jpg\" alt=\"\" width=\"1400\" height=\"568\">\n\t\t\t\t<\/a>\n\t\t\t\t\t\t\t\t\t\t\t\t<div class=\"seriousslider-caption\">\n\t\t\t\t\t<div class=\"seriousslider-caption-inside\">\n\t\t\t\t\t\t\t\t\t\t\t\t<div class=\"seriousslider-caption-text\"><h5 style=\"text-align: center;\"><a href=\"http:\/\/tinarebou.com\/index.php\/galerie-portraits\/autour-du-petroglyph\/\" target=\"_blank\" rel=\"noopener noreferrer\">GALERIE<\/a><\/h5>\n<\/div>\t\t\t\t\t\t<div class=\"seriousslider-caption-buttons\">\n\t\t\t\t\t\t\t\t\t\t\t\t\t\t\t\t\t\t\t\t\t\t\t\t\t\t\t\t\t\t\t\t\t\t\t\t\t\t\t\t\t\t\t<\/div>\n\t\t\t\t\t<\/div><!--seriousslider-caption-inside-->\n\t\t\t\t<\/div><!--seriousslider-caption-->\n\t\t\t\t\t\t\t\t<div class=\"seriousslider-hloader\"><\/div>\n\t\t\t\t<figure class=\"seriousslider-cloader\">\n\t\t\t\t\t<svg width=\"200\" height=\"200\">\n\t\t\t\t\t\t<circle cx=\"95\" cy=\"95\" r=\"20\" transform=\"rotate(-90, 95, 95)\"\/>\n\t\t\t\t\t<\/svg>\n\t\t\t  <\/figure>\n\t\t\t<\/div>\n\n\t\t\t\t\t\t<\/div>\n\n\t\t\t<div class=\"seriousslider-indicators\">\n\t\t\t\t<ol class=\"seriousslider-indicators-inside\">\n\t\t\t\t\t\t\t\t\t\t<li data-target=\"#serious-slider-96-rnd2129\" data-slide-to=\"0\" class=\"active\"><\/li>\n\t\t\t\t\t\t\t\t\t\t<li data-target=\"#serious-slider-96-rnd2129\" data-slide-to=\"1\" ><\/li>\n\t\t\t\t\t\t\t\t\t\t<li data-target=\"#serious-slider-96-rnd2129\" data-slide-to=\"2\" ><\/li>\n\t\t\t\t\t\t\t\t\t\t<li data-target=\"#serious-slider-96-rnd2129\" data-slide-to=\"3\" ><\/li>\n\t\t\t\t\t\t\t\t\t\t<li data-target=\"#serious-slider-96-rnd2129\" data-slide-to=\"4\" ><\/li>\n\t\t\t\t\t\t\t\t\t<\/ol>\n\t\t\t<\/div>\n\n\t\t\t<button class=\"left seriousslider-control\" data-target=\"#serious-slider-96-rnd2129\" role=\"button\" data-slide=\"prev\">\n\t\t\t  <span class=\"sicon-prev control-arrow\" aria-hidden=\"true\"><\/span>\n\t\t\t  <span class=\"sr-only\">Previous Slide<\/span>\n\t\t\t<\/button>\n\t\t\t<button class=\"right seriousslider-control\" data-target=\"#serious-slider-96-rnd2129\" role=\"button\" data-slide=\"next\">\n\t\t\t  <span class=\"sicon-next control-arrow\" aria-hidden=\"true\"><\/span>\n\t\t\t  <span class=\"sr-only\">Next Slide<\/span>\n\t\t\t<\/button>\n\t\t<\/div>\n\t\t\n\n\n\n<h5 class=\"wp-block-heading\">&nbsp;<\/h5>\n\n\n\n<h5 class=\"wp-block-heading\"><a href=\"https:\/\/tinarebou.com\/index.php\/cours-collectifs\/\">SANB : Salon d&rsquo;Artistes du Nord B\u00e9arn<\/a><\/h5>\n\n\n\n<ul class=\"wp-block-list\">\n<li>R\u00e9alisation de l&rsquo;Affiche pour le 15\u00e8me Salon d&rsquo;Artistes du Nord B\u00e9arn<\/li>\n<\/ul>\n\n\n\n<h5 class=\"wp-block-heading\"><a href=\"https:\/\/tinarebou.com\/index.php\/2018\/11\/calligraphies-le-mouvement-la-vie\/actualite\/\" target=\"_blank\" rel=\"noopener noreferrer\">GALERIE | CALLIGRAPHIES<\/a><\/h5>\n\n\n\n<h5 class=\"wp-block-heading\">Calligraphie | Le Mouvement et la Vie<\/h5>\n\n\n\n<ul class=\"wp-block-list\">\n<li>Ces calligraphies sont pr\u00e9sent\u00e9es sous plusieurs angles et plusieurs formats\u00a0 :<br>. Soit la Calligraphie est associ\u00e9e au portrait humain dont le th\u00e8me est le Zanskar.<br>. Soit elle se pr\u00e9sente comme une peinture \u00e0 part enti\u00e8re, qui se donne \u00e0 voir pour elle-m\u00eame.<br>. Soit la Calligraphie peut se personnaliser selon le go\u00fbt de chacun et selon le format souhait\u00e9.<br><p>Ce travail autour des calligraphies est la continuit\u00e9 d\u2019une d\u00e9marche que TinaRebou souhaite d\u00e9velopper en restant \u00e0 la fois dans l\u2019esprit de la danse, d\u2019un certain esth\u00e9tisme du mouvement et dans la recherche d\u2019un \u00e9quilibre int\u00e9rieur \u00e0 travers ses cr\u00e9ations.<\/p><br><p><em>Ses cr\u00e9ations seront prochainement en vente sur son site sous forme <strong>D\u2019IMPRESSION SUR TOILE EN \u00c9DITION LIMIT\u00c9E<\/strong> (digigraphie) et sur les lieux d\u2019expositions o\u00f9 elle participera.<\/em><\/p><br><p>Voir <a href=\"https:\/\/tinarebou.com\/index.php\/2018\/11\/calligraphies-le-mouvement-la-vie\/actualite\/\" target=\"_blank\" rel=\"noopener noreferrer\">l&rsquo;article Calligraphie|le Mouvement et la Vie<\/a>,\u00a0 pour plus d&rsquo;informations \u00e0 ce sujet.<\/p><br><\/li>\n<\/ul>\n\n\n\n<h5 class=\"wp-block-heading\"><a href=\"http:\/\/tinarebou.com\/index.php\/galerie-portraits\/chien-chat-cie\/\" target=\"_blank\" rel=\"noopener noreferrer\">GALERIE Chien, Chat &amp; Cie :<\/a><\/h5>\n\n\n\n<h5 class=\"wp-block-heading\">COLLECTION PORTRAITS D&rsquo;ANIMAUX<\/h5>\n\n\n\n<ul class=\"wp-block-list\">\n<li>15 portraits animaliers revisit\u00e9s, un hommage aux animaux et des clins d\u2019\u0153il \u00e0 plusieurs peintres, \u00e9crivains, etc. Chaque portrait est associ\u00e9 \u00e0 une citation et donne naissance \u00e0 une nouvelle mise en sc\u00e8ne num\u00e9rique.<br>Voir <a href=\"https:\/\/tinarebou.com\/index.php\/2017\/11\/chien-chat-cie-portraits-danimaux\/art\/\" target=\"_blank\" rel=\"noreferrer noopener\">l&rsquo;article Chien, Chat &amp; Cie<\/a> pour plus d&rsquo;informations \u00e0 ce sujet.<\/li>\n<\/ul>\n\n\n\n<h5 class=\"wp-block-heading\"><a href=\"https:\/\/tinarebou.com\/index.php\/art\/pensees-orientales\/\" target=\"_blank\" rel=\"noopener noreferrer\">GALERIE Pens\u00e9es Orientales :<\/a><\/h5>\n\n\n\n<h5 class=\"wp-block-heading\">COLLECTION PORTRAITS HUMAINS<\/h5>\n\n\n\n<ul class=\"wp-block-list\">\n<li>14 Peintures &#8211; Portraits humains Portraits au pastel puis r\u00e9int\u00e9gr\u00e9s dans une composition num\u00e9rique comprenant une citation et une calligraphie en \u00e9cho avec le portrait qui lui correspond. Voir <a href=\"https:\/\/tinarebou.com\/index.php\/2017\/10\/pensees-orientales\/art\/\" target=\"_blank\" rel=\"noopener noreferrer\">l&rsquo;article Pens\u00e9es Orientales<\/a> pour plus d&rsquo;informations.<\/li>\n<\/ul>\n\n\n\n<h5 class=\"wp-block-heading\"><a href=\"http:\/\/tinarebou.com\/index.php\/galerie-portraits\/portfolio\/\" target=\"_blank\" rel=\"noopener noreferrer\">Very Bad Clopes :<\/a><\/h5>\n\n\n\n<ul class=\"wp-block-list\">\n<li>Teaser &#8211; Bande Dessin\u00e9e &#8211; Illustrations<\/li>\n<\/ul>\n\n\n\n<h5 class=\"wp-block-heading\"><a href=\"http:\/\/tinarebou.com\/index.php\/galerie-portraits\/autour-du-petroglyph\/\" target=\"_blank\" rel=\"noopener noreferrer\">Autour du Petroglyph :<\/a><\/h5>\n\n\n\n<ul class=\"wp-block-list\">\n<li>Quelques exemples de compositions &#8211; Projet en cours<\/li>\n<\/ul>\n\n\n\n<h5 class=\"wp-block-heading\"><a href=\"http:\/\/tinarebou.com\/index.php\/galerie-portraits\/peintures-triptyques-pastel\/\" target=\"_blank\" rel=\"noopener noreferrer\">Peintures, triptyque, pastel<\/a><\/h5>\n\n\n\n<ul class=\"wp-block-list\">\n<li>Quelques exemples de Peintures Originales r\u00e9alis\u00e9es avant l&rsquo;int\u00e9gration num\u00e9rique autour des portraits Humains &amp; Animaliers<\/li>\n<\/ul>\n\n\n\n<h2 class=\"wp-block-heading\">CALLIGRAPHIES | Cr\u00e9ation pour le 14\u00e8me Salon du Petit Tableau de Serres Castet<\/h2>\n\n\n\n<p>Une Nouvelle Cr\u00e9ation autour de la Calligraphie sur 2 th\u00e8mes, des tableaux de Grands Ma\u00eetres revisit\u00e9s calligraphiquement et la danse et tout particuli\u00e8rement la Danse Contemporaine. <a href=\"https:\/\/tinarebou.com\/index.php\/2019\/05\/blog\/nouvelle-serie-de-calligraphies\/\" target=\"_blank\" rel=\"noreferrer noopener\" aria-label=\"Voir l'article. (s\u2019ouvre dans un nouvel onglet)\">Voir l&rsquo;article.<\/a><\/p>\n","protected":false},"excerpt":{"rendered":"<p>&nbsp; SANB : Salon d&rsquo;Artistes du Nord B\u00e9arn GALERIE | CALLIGRAPHIES Calligraphie | Le Mouvement et la Vie GALERIE Chien, Chat &amp; Cie : COLLECTION &hellip;<\/p>\n","protected":false},"author":1,"featured_media":0,"parent":0,"menu_order":1,"comment_status":"closed","ping_status":"closed","template":"","meta":{"footnotes":""},"class_list":["post-82","page","type-page","status-publish","hentry"],"_links":{"self":[{"href":"https:\/\/tinarebou.com\/index.php\/wp-json\/wp\/v2\/pages\/82","targetHints":{"allow":["GET"]}}],"collection":[{"href":"https:\/\/tinarebou.com\/index.php\/wp-json\/wp\/v2\/pages"}],"about":[{"href":"https:\/\/tinarebou.com\/index.php\/wp-json\/wp\/v2\/types\/page"}],"author":[{"embeddable":true,"href":"https:\/\/tinarebou.com\/index.php\/wp-json\/wp\/v2\/users\/1"}],"replies":[{"embeddable":true,"href":"https:\/\/tinarebou.com\/index.php\/wp-json\/wp\/v2\/comments?post=82"}],"version-history":[{"count":87,"href":"https:\/\/tinarebou.com\/index.php\/wp-json\/wp\/v2\/pages\/82\/revisions"}],"predecessor-version":[{"id":8865,"href":"https:\/\/tinarebou.com\/index.php\/wp-json\/wp\/v2\/pages\/82\/revisions\/8865"}],"wp:attachment":[{"href":"https:\/\/tinarebou.com\/index.php\/wp-json\/wp\/v2\/media?parent=82"}],"curies":[{"name":"wp","href":"https:\/\/api.w.org\/{rel}","templated":true}]}}