{"id":8571,"date":"2022-04-29T16:45:54","date_gmt":"2022-04-29T14:45:54","guid":{"rendered":"https:\/\/tinarebou.com\/?page_id=8571"},"modified":"2022-04-30T11:19:11","modified_gmt":"2022-04-30T09:19:11","slug":"raphael-anime-64","status":"publish","type":"page","link":"https:\/\/tinarebou.com\/index.php\/design\/raphael-anime-64\/","title":{"rendered":"Rapha\u00ebl Anime 64"},"content":{"rendered":"\n<p class=\"has-medium-font-size\"><strong><em>Cr\u00e9ateur d&rsquo;Animations : pour les petits ( Magie) et pour les grands (Danses de Salon)<\/em><\/strong><\/p>\n\n\n\n<h2 class=\"wp-block-heading\">2020 | Cr\u00e9ation Identit\u00e9 Visuelle<\/h2>\n\n\n\n<h3 class=\"wp-block-heading\">&#8211; Logo avec 2 d\u00e9clinaisons pour la double activit\u00e9 <br>&#8211; Carte de visite avec la premi\u00e8re activit\u00e9 au recto et la seconde au verso<\/h3>\n\n\n\n<ul class=\"wp-block-gallery columns-2 is-cropped wp-block-gallery-1 is-layout-flex wp-block-gallery-is-layout-flex\"><li class=\"blocks-gallery-item\"><figure><img loading=\"lazy\" decoding=\"async\" width=\"647\" height=\"608\" src=\"https:\/\/tinarebou.com\/wp-content\/uploads\/2022\/04\/logo-raphael-anime-64-magie-enfants-br-2020.jpg\" alt=\"\" data-id=\"8585\" data-link=\"https:\/\/tinarebou.com\/index.php\/raphael-anime-64\/attachment\/logo-raphael-anime-64-magie-enfants-br-2020\/\" class=\"wp-image-8585\" srcset=\"https:\/\/tinarebou.com\/wp-content\/uploads\/2022\/04\/logo-raphael-anime-64-magie-enfants-br-2020.jpg 647w, https:\/\/tinarebou.com\/wp-content\/uploads\/2022\/04\/logo-raphael-anime-64-magie-enfants-br-2020-300x282.jpg 300w, https:\/\/tinarebou.com\/wp-content\/uploads\/2022\/04\/logo-raphael-anime-64-magie-enfants-br-2020-532x500.jpg 532w, https:\/\/tinarebou.com\/wp-content\/uploads\/2022\/04\/logo-raphael-anime-64-magie-enfants-br-2020-600x564.jpg 600w\" sizes=\"auto, (max-width: 647px) 100vw, 647px\" \/><\/figure><\/li><li class=\"blocks-gallery-item\"><figure><img loading=\"lazy\" decoding=\"async\" width=\"408\" height=\"411\" src=\"https:\/\/tinarebou.com\/wp-content\/uploads\/2022\/04\/logo-raphael-anime-64-danses-de-salon-br-2020-1.jpg\" alt=\"\" data-id=\"8586\" data-link=\"https:\/\/tinarebou.com\/index.php\/raphael-anime-64\/attachment\/logo-raphael-anime-64-danses-de-salon-br-2020-2\/\" class=\"wp-image-8586\" srcset=\"https:\/\/tinarebou.com\/wp-content\/uploads\/2022\/04\/logo-raphael-anime-64-danses-de-salon-br-2020-1.jpg 408w, https:\/\/tinarebou.com\/wp-content\/uploads\/2022\/04\/logo-raphael-anime-64-danses-de-salon-br-2020-1-150x150.jpg 150w, https:\/\/tinarebou.com\/wp-content\/uploads\/2022\/04\/logo-raphael-anime-64-danses-de-salon-br-2020-1-298x300.jpg 298w, https:\/\/tinarebou.com\/wp-content\/uploads\/2022\/04\/logo-raphael-anime-64-danses-de-salon-br-2020-1-100x100.jpg 100w\" sizes=\"auto, (max-width: 408px) 100vw, 408px\" \/><\/figure><\/li><li class=\"blocks-gallery-item\"><figure><img loading=\"lazy\" decoding=\"async\" width=\"520\" height=\"344\" src=\"https:\/\/tinarebou.com\/wp-content\/uploads\/2022\/04\/carte-de-visite-recto-br-2-2020.jpg\" alt=\"\" data-id=\"8587\" data-link=\"https:\/\/tinarebou.com\/index.php\/raphael-anime-64\/attachment\/carte-de-visite-recto-br-2-2020\/\" class=\"wp-image-8587\" srcset=\"https:\/\/tinarebou.com\/wp-content\/uploads\/2022\/04\/carte-de-visite-recto-br-2-2020.jpg 520w, https:\/\/tinarebou.com\/wp-content\/uploads\/2022\/04\/carte-de-visite-recto-br-2-2020-300x198.jpg 300w\" sizes=\"auto, (max-width: 520px) 100vw, 520px\" \/><\/figure><\/li><li class=\"blocks-gallery-item\"><figure><img loading=\"lazy\" decoding=\"async\" width=\"520\" height=\"342\" src=\"https:\/\/tinarebou.com\/wp-content\/uploads\/2022\/04\/carte-de-visite-verso-finale-br-2-2020.jpg\" alt=\"\" data-id=\"8588\" data-link=\"https:\/\/tinarebou.com\/index.php\/raphael-anime-64\/attachment\/carte-de-visite-verso-finale-br-2-2020\/\" class=\"wp-image-8588\" srcset=\"https:\/\/tinarebou.com\/wp-content\/uploads\/2022\/04\/carte-de-visite-verso-finale-br-2-2020.jpg 520w, https:\/\/tinarebou.com\/wp-content\/uploads\/2022\/04\/carte-de-visite-verso-finale-br-2-2020-300x197.jpg 300w\" sizes=\"auto, (max-width: 520px) 100vw, 520px\" \/><\/figure><\/li><\/ul>\n\n\n\n<h2 class=\"wp-block-heading\">2020 | R\u00e9alisation Affiches pour les 2 activit\u00e9s<\/h2>\n\n\n\n<ul class=\"wp-block-gallery columns-2 is-cropped wp-block-gallery-2 is-layout-flex wp-block-gallery-is-layout-flex\"><li class=\"blocks-gallery-item\"><figure><img loading=\"lazy\" decoding=\"async\" width=\"724\" height=\"1024\" src=\"https:\/\/tinarebou.com\/wp-content\/uploads\/2022\/04\/afficheA3-enfants-version2-br-2020-724x1024.jpg\" alt=\"\" data-id=\"8596\" data-link=\"https:\/\/tinarebou.com\/index.php\/raphael-anime-64\/attachment\/affichea3-enfants-version2-br-2020\/\" class=\"wp-image-8596\" srcset=\"https:\/\/tinarebou.com\/wp-content\/uploads\/2022\/04\/afficheA3-enfants-version2-br-2020-724x1024.jpg 724w, https:\/\/tinarebou.com\/wp-content\/uploads\/2022\/04\/afficheA3-enfants-version2-br-2020-212x300.jpg 212w, https:\/\/tinarebou.com\/wp-content\/uploads\/2022\/04\/afficheA3-enfants-version2-br-2020-768x1087.jpg 768w, https:\/\/tinarebou.com\/wp-content\/uploads\/2022\/04\/afficheA3-enfants-version2-br-2020-353x500.jpg 353w, https:\/\/tinarebou.com\/wp-content\/uploads\/2022\/04\/afficheA3-enfants-version2-br-2020-600x849.jpg 600w, https:\/\/tinarebou.com\/wp-content\/uploads\/2022\/04\/afficheA3-enfants-version2-br-2020.jpg 1181w\" sizes=\"auto, (max-width: 724px) 100vw, 724px\" \/><\/figure><\/li><li class=\"blocks-gallery-item\"><figure><img loading=\"lazy\" decoding=\"async\" width=\"724\" height=\"1024\" src=\"https:\/\/tinarebou.com\/wp-content\/uploads\/2022\/04\/affiche-A3-adultes-br-2020-724x1024.jpg\" alt=\"\" data-id=\"8597\" data-link=\"https:\/\/tinarebou.com\/index.php\/raphael-anime-64\/attachment\/affiche-a3-adultes-br-2020\/\" class=\"wp-image-8597\" srcset=\"https:\/\/tinarebou.com\/wp-content\/uploads\/2022\/04\/affiche-A3-adultes-br-2020-724x1024.jpg 724w, https:\/\/tinarebou.com\/wp-content\/uploads\/2022\/04\/affiche-A3-adultes-br-2020-212x300.jpg 212w, https:\/\/tinarebou.com\/wp-content\/uploads\/2022\/04\/affiche-A3-adultes-br-2020-768x1086.jpg 768w, https:\/\/tinarebou.com\/wp-content\/uploads\/2022\/04\/affiche-A3-adultes-br-2020-353x500.jpg 353w, https:\/\/tinarebou.com\/wp-content\/uploads\/2022\/04\/affiche-A3-adultes-br-2020-600x849.jpg 600w, https:\/\/tinarebou.com\/wp-content\/uploads\/2022\/04\/affiche-A3-adultes-br-2020.jpg 1240w\" sizes=\"auto, (max-width: 724px) 100vw, 724px\" \/><\/figure><\/li><\/ul>\n","protected":false},"excerpt":{"rendered":"<p>Cr\u00e9ateur d&rsquo;Animations : pour les petits ( Magie) et pour les grands (Danses de Salon) 2020 | Cr\u00e9ation Identit\u00e9 Visuelle &#8211; Logo avec 2 d\u00e9clinaisons &hellip;<\/p>\n","protected":false},"author":1,"featured_media":0,"parent":1791,"menu_order":0,"comment_status":"closed","ping_status":"closed","template":"","meta":{"footnotes":""},"class_list":["post-8571","page","type-page","status-publish","hentry"],"_links":{"self":[{"href":"https:\/\/tinarebou.com\/index.php\/wp-json\/wp\/v2\/pages\/8571","targetHints":{"allow":["GET"]}}],"collection":[{"href":"https:\/\/tinarebou.com\/index.php\/wp-json\/wp\/v2\/pages"}],"about":[{"href":"https:\/\/tinarebou.com\/index.php\/wp-json\/wp\/v2\/types\/page"}],"author":[{"embeddable":true,"href":"https:\/\/tinarebou.com\/index.php\/wp-json\/wp\/v2\/users\/1"}],"replies":[{"embeddable":true,"href":"https:\/\/tinarebou.com\/index.php\/wp-json\/wp\/v2\/comments?post=8571"}],"version-history":[{"count":14,"href":"https:\/\/tinarebou.com\/index.php\/wp-json\/wp\/v2\/pages\/8571\/revisions"}],"predecessor-version":[{"id":8661,"href":"https:\/\/tinarebou.com\/index.php\/wp-json\/wp\/v2\/pages\/8571\/revisions\/8661"}],"up":[{"embeddable":true,"href":"https:\/\/tinarebou.com\/index.php\/wp-json\/wp\/v2\/pages\/1791"}],"wp:attachment":[{"href":"https:\/\/tinarebou.com\/index.php\/wp-json\/wp\/v2\/media?parent=8571"}],"curies":[{"name":"wp","href":"https:\/\/api.w.org\/{rel}","templated":true}]}}