{"id":8607,"date":"2022-04-29T17:48:51","date_gmt":"2022-04-29T15:48:51","guid":{"rendered":"https:\/\/tinarebou.com\/?page_id=8607"},"modified":"2022-04-30T11:17:32","modified_gmt":"2022-04-30T09:17:32","slug":"sanb-salon-dartistes-du-nord-bearn","status":"publish","type":"page","link":"https:\/\/tinarebou.com\/index.php\/design\/sanb-salon-dartistes-du-nord-bearn\/","title":{"rendered":"SANB : Salon d&rsquo;Artistes du Nord B\u00e9arn"},"content":{"rendered":"\n<h2 class=\"wp-block-heading\">2022 | R\u00e9alisation affiche pour le SANB<\/h2>\n\n\n\n<figure class=\"wp-block-image\"><img loading=\"lazy\" decoding=\"async\" width=\"727\" height=\"1024\" src=\"https:\/\/tinarebou.com\/wp-content\/uploads\/2022\/04\/Affiche-pour-inserer-dans-reglement-format-A4-br-727x1024.jpg\" alt=\"\" class=\"wp-image-8608\" srcset=\"https:\/\/tinarebou.com\/wp-content\/uploads\/2022\/04\/Affiche-pour-inserer-dans-reglement-format-A4-br-727x1024.jpg 727w, https:\/\/tinarebou.com\/wp-content\/uploads\/2022\/04\/Affiche-pour-inserer-dans-reglement-format-A4-br-213x300.jpg 213w, https:\/\/tinarebou.com\/wp-content\/uploads\/2022\/04\/Affiche-pour-inserer-dans-reglement-format-A4-br-768x1082.jpg 768w, https:\/\/tinarebou.com\/wp-content\/uploads\/2022\/04\/Affiche-pour-inserer-dans-reglement-format-A4-br-355x500.jpg 355w, https:\/\/tinarebou.com\/wp-content\/uploads\/2022\/04\/Affiche-pour-inserer-dans-reglement-format-A4-br-600x846.jpg 600w, https:\/\/tinarebou.com\/wp-content\/uploads\/2022\/04\/Affiche-pour-inserer-dans-reglement-format-A4-br.jpg 1241w\" sizes=\"auto, (max-width: 727px) 100vw, 727px\" \/><figcaption>Affiche pour le 17\u00e8me Salon d&rsquo;Artistes  du Nord B\u00e9arn \u00e0 Tadousse Ussau <\/figcaption><\/figure>\n","protected":false},"excerpt":{"rendered":"<p>2022 | R\u00e9alisation affiche pour le SANB<\/p>\n","protected":false},"author":1,"featured_media":0,"parent":1791,"menu_order":0,"comment_status":"closed","ping_status":"closed","template":"","meta":{"footnotes":""},"class_list":["post-8607","page","type-page","status-publish","hentry"],"_links":{"self":[{"href":"https:\/\/tinarebou.com\/index.php\/wp-json\/wp\/v2\/pages\/8607","targetHints":{"allow":["GET"]}}],"collection":[{"href":"https:\/\/tinarebou.com\/index.php\/wp-json\/wp\/v2\/pages"}],"about":[{"href":"https:\/\/tinarebou.com\/index.php\/wp-json\/wp\/v2\/types\/page"}],"author":[{"embeddable":true,"href":"https:\/\/tinarebou.com\/index.php\/wp-json\/wp\/v2\/users\/1"}],"replies":[{"embeddable":true,"href":"https:\/\/tinarebou.com\/index.php\/wp-json\/wp\/v2\/comments?post=8607"}],"version-history":[{"count":3,"href":"https:\/\/tinarebou.com\/index.php\/wp-json\/wp\/v2\/pages\/8607\/revisions"}],"predecessor-version":[{"id":8660,"href":"https:\/\/tinarebou.com\/index.php\/wp-json\/wp\/v2\/pages\/8607\/revisions\/8660"}],"up":[{"embeddable":true,"href":"https:\/\/tinarebou.com\/index.php\/wp-json\/wp\/v2\/pages\/1791"}],"wp:attachment":[{"href":"https:\/\/tinarebou.com\/index.php\/wp-json\/wp\/v2\/media?parent=8607"}],"curies":[{"name":"wp","href":"https:\/\/api.w.org\/{rel}","templated":true}]}}